{"id":1829,"date":"2019-10-09T14:52:13","date_gmt":"2019-10-09T12:52:13","guid":{"rendered":"https:\/\/www.nipparts.com\/telecharger\/cataloghi\/"},"modified":"2020-08-27T15:51:25","modified_gmt":"2020-08-27T13:51:25","slug":"catalogues","status":"publish","type":"page","link":"https:\/\/www.nipparts.com\/fr\/telecharger\/catalogues\/","title":{"rendered":"Catalogues"},"content":{"rendered":"<div class=\"wpb-content-wrapper\"><p>[vc_row][vc_column][vc_custom_heading text=\u00a0\u00bbDans cet espace, vous trouverez tous les catalogues des produits de la marque Nipparts!<br \/>\nChacun illustre les pi\u00e8ces d\u00e9tach\u00e9es d\u2019une gamme sp\u00e9cifique et est divis\u00e9 en trois parties (applications v\u00e9hiculaires, liste illustr\u00e9e des composants et liste des r\u00e9f\u00e9rences crois\u00e9es) pour r\u00e9pondre aux principaux besoins de chaque client.\u00a0\u00bb font_container=\u00a0\u00bbtag:p|text_align:center\u00a0\u00bb use_theme_fonts=\u00a0\u00bbyes\u00a0\u00bb el_class=\u00a0\u00bbsubTitle\u00a0\u00bb][\/vc_column][\/vc_row]<\/p>\n<\/div>","protected":false},"excerpt":{"rendered":"<p>[vc_row][vc_column][vc_custom_heading text=\u00a0\u00bbDans cet espace, vous trouverez tous les catalogues des produits de la marque Nipparts! Chacun illustre les pi\u00e8ces d\u00e9tach\u00e9es d\u2019une gamme sp\u00e9cifique et est divis\u00e9 en trois parties (applications v\u00e9hiculaires, liste illustr\u00e9e des composants et liste des r\u00e9f\u00e9rences crois\u00e9es) pour r\u00e9pondre aux principaux besoins de chaque client.\u00a0\u00bb font_container=\u00a0\u00bbtag:p|text_align:center\u00a0\u00bb use_theme_fonts=\u00a0\u00bbyes\u00a0\u00bb el_class=\u00a0\u00bbsubTitle\u00a0\u00bb][\/vc_column][\/vc_row]<\/p>\n","protected":false},"author":2,"featured_media":857,"parent":1470,"menu_order":0,"comment_status":"closed","ping_status":"closed","template":"templates\/catalogs.php","meta":{"_acf_changed":false,"footnotes":""},"class_list":["post-1829","page","type-page","status-publish","has-post-thumbnail","hentry"],"acf":[],"_links":{"self":[{"href":"https:\/\/www.nipparts.com\/fr\/wp-json\/wp\/v2\/pages\/1829","targetHints":{"allow":["GET"]}}],"collection":[{"href":"https:\/\/www.nipparts.com\/fr\/wp-json\/wp\/v2\/pages"}],"about":[{"href":"https:\/\/www.nipparts.com\/fr\/wp-json\/wp\/v2\/types\/page"}],"author":[{"embeddable":true,"href":"https:\/\/www.nipparts.com\/fr\/wp-json\/wp\/v2\/users\/2"}],"replies":[{"embeddable":true,"href":"https:\/\/www.nipparts.com\/fr\/wp-json\/wp\/v2\/comments?post=1829"}],"version-history":[{"count":1,"href":"https:\/\/www.nipparts.com\/fr\/wp-json\/wp\/v2\/pages\/1829\/revisions"}],"predecessor-version":[{"id":1830,"href":"https:\/\/www.nipparts.com\/fr\/wp-json\/wp\/v2\/pages\/1829\/revisions\/1830"}],"up":[{"embeddable":true,"href":"https:\/\/www.nipparts.com\/fr\/wp-json\/wp\/v2\/pages\/1470"}],"wp:featuredmedia":[{"embeddable":true,"href":"https:\/\/www.nipparts.com\/fr\/wp-json\/wp\/v2\/media\/857"}],"wp:attachment":[{"href":"https:\/\/www.nipparts.com\/fr\/wp-json\/wp\/v2\/media?parent=1829"}],"curies":[{"name":"wp","href":"https:\/\/api.w.org\/{rel}","templated":true}]}}