{"id":1513,"date":"2019-08-27T10:09:08","date_gmt":"2019-08-27T08:09:08","guid":{"rendered":"https:\/\/www.nipparts.com\/pagina-di-esempio\/"},"modified":"2021-02-12T10:21:01","modified_gmt":"2021-02-12T09:21:01","slug":"pagina-di-esempio","status":"publish","type":"page","link":"https:\/\/www.nipparts.com\/fr\/","title":{"rendered":"HomePage"},"content":{"rendered":"<div class=\"wpb-content-wrapper\"><p>[vc_section el_class=\u00a0\u00bbintro\u00a0\u00bb][vc_row el_class=\u00a0\u00bbcontent\u00a0\u00bb][vc_column][vc_row_inner el_class=\u00a0\u00bbleft\u00a0\u00bb][vc_column_inner][vc_column_text]<\/p>\n<h1>Nipparts<\/h1>\n<p>Nipparts propose une large gamme de pi\u00e8ces d\u00e9tach\u00e9es de qualit\u00e9 \u00e9quivalente \u00e0 l&rsquo;originale avec des applications sp\u00e9cifiques pour les v\u00e9hicules asiatiques, fournis par les meilleurs producteurs.[\/vc_column_text][vc_btn title=\u00a0\u00bbEn savoir plus\u00a0\u00bb link=\u00a0\u00bburl:https%3A%2F%2Fwww.nipparts.com%2Ffr%2Flentreprise%2F|title:Azienda||\u00a0\u00bb][\/vc_column_inner][\/vc_row_inner][\/vc_column][\/vc_row][vc_row full_width=\u00a0\u00bbstretch_row_content\u00a0\u00bb][vc_column][vc_single_image image=\u00a0\u00bb1893&Prime; img_size=\u00a0\u00bbfull\u00a0\u00bb el_class=\u00a0\u00bbbg\u00a0\u00bb][\/vc_column][\/vc_row][\/vc_section][vc_section full_width=\u00a0\u00bbstretch_row\u00a0\u00bb el_class=\u00a0\u00bbproducts\u00a0\u00bb][vc_row][vc_column][vc_custom_heading text=\u00a0\u00bbLes produits\u00a0\u00bb use_theme_fonts=\u00a0\u00bbyes\u00a0\u00bb el_class=\u00a0\u00bbglobalTitle\u00a0\u00bb][vc_row_inner][vc_column_inner][vc_single_image image=\u00a0\u00bb28&Prime; img_size=\u00a0\u00bbfull\u00a0\u00bb alignment=\u00a0\u00bbcenter\u00a0\u00bb onclick=\u00a0\u00bbcustom_link\u00a0\u00bb link=\u00a0\u00bbhttps:\/\/www.nipparts.com\/fr\/products_category\/distribution-fr\/\u00a0\u00bb][vc_custom_heading text=\u00a0\u00bbDistribution\u00a0\u00bb font_container=\u00a0\u00bbtag:h3|text_align:center\u00a0\u00bb use_theme_fonts=\u00a0\u00bbyes\u00a0\u00bb link=\u00a0\u00bburl:https%3A%2F%2Fwww.nipparts.com%2Ffr%2Fproducts_category%2Fdistribution-fr%2F|||\u00a0\u00bb][\/vc_column_inner][\/vc_row_inner][vc_row_inner][vc_column_inner][vc_single_image image=\u00a0\u00bb36&Prime; img_size=\u00a0\u00bbfull\u00a0\u00bb alignment=\u00a0\u00bbcenter\u00a0\u00bb onclick=\u00a0\u00bbcustom_link\u00a0\u00bb link=\u00a0\u00bbhttps:\/\/www.nipparts.com\/fr\/products_category\/filtres\/\u00a0\u00bb][vc_custom_heading text=\u00a0\u00bbFiltres\u00a0\u00bb font_container=\u00a0\u00bbtag:h3|text_align:center\u00a0\u00bb use_theme_fonts=\u00a0\u00bbyes\u00a0\u00bb link=\u00a0\u00bburl:https%3A%2F%2Fwww.nipparts.com%2Ffr%2Fproducts_category%2Ffiltres%2F|||\u00a0\u00bb][\/vc_column_inner][\/vc_row_inner][vc_row_inner][vc_column_inner][vc_single_image image=\u00a0\u00bb41&Prime; img_size=\u00a0\u00bbfull\u00a0\u00bb alignment=\u00a0\u00bbcenter\u00a0\u00bb onclick=\u00a0\u00bbcustom_link\u00a0\u00bb link=\u00a0\u00bbhttps:\/\/www.nipparts.com\/fr\/products_category\/joints-moteur\/\u00a0\u00bb][vc_custom_heading text=\u00a0\u00bbJoints moteur\u00a0\u00bb font_container=\u00a0\u00bbtag:h3|text_align:center\u00a0\u00bb use_theme_fonts=\u00a0\u00bbyes\u00a0\u00bb link=\u00a0\u00bburl:https%3A%2F%2Fwww.nipparts.com%2Ffr%2Fproducts_category%2Fjoints-moteur%2F|||\u00a0\u00bb][\/vc_column_inner][\/vc_row_inner][vc_row_inner][vc_column_inner][vc_single_image image=\u00a0\u00bb46&Prime; img_size=\u00a0\u00bbfull\u00a0\u00bb alignment=\u00a0\u00bbcenter\u00a0\u00bb onclick=\u00a0\u00bbcustom_link\u00a0\u00bb link=\u00a0\u00bbhttps:\/\/www.nipparts.com\/fr\/products_category\/systeme-dallumage\/\u00a0\u00bb][vc_custom_heading text=\u00a0\u00bbSyst\u00e8me d&rsquo;allumage\u00a0\u00bb font_container=\u00a0\u00bbtag:h3|text_align:center\u00a0\u00bb use_theme_fonts=\u00a0\u00bbyes\u00a0\u00bb link=\u00a0\u00bburl:https%3A%2F%2Fwww.nipparts.com%2Ffr%2Fproducts_category%2Fsysteme-dallumage%2F|||\u00a0\u00bb][\/vc_column_inner][\/vc_row_inner][vc_row_inner][vc_column_inner][vc_single_image image=\u00a0\u00bb51&Prime; img_size=\u00a0\u00bbfull\u00a0\u00bb alignment=\u00a0\u00bbcenter\u00a0\u00bb onclick=\u00a0\u00bbcustom_link\u00a0\u00bb link=\u00a0\u00bbhttps:\/\/www.nipparts.com\/fr\/products_category\/installation-de-refroidissement\/\u00a0\u00bb][vc_custom_heading text=\u00a0\u00bbInstallation de refroidissement\u00a0\u00bb font_container=\u00a0\u00bbtag:h3|text_align:center\u00a0\u00bb use_theme_fonts=\u00a0\u00bbyes\u00a0\u00bb link=\u00a0\u00bburl:https%3A%2F%2Fwww.nipparts.com%2Ffr%2Fproducts_category%2Finstallation-de-refroidissement%2F|||\u00a0\u00bb][\/vc_column_inner][\/vc_row_inner][vc_row_inner][vc_column_inner][vc_single_image image=\u00a0\u00bb56&Prime; img_size=\u00a0\u00bbfull\u00a0\u00bb alignment=\u00a0\u00bbcenter\u00a0\u00bb onclick=\u00a0\u00bbcustom_link\u00a0\u00bb link=\u00a0\u00bbhttps:\/\/www.nipparts.com\/fr\/products_category\/machines-tournantes\/\u00a0\u00bb][vc_custom_heading text=\u00a0\u00bbMachines tournantes\u00a0\u00bb font_container=\u00a0\u00bbtag:h3|text_align:center\u00a0\u00bb use_theme_fonts=\u00a0\u00bbyes\u00a0\u00bb link=\u00a0\u00bburl:https%3A%2F%2Fwww.nipparts.com%2Ffr%2Fproducts_category%2Fmachines-tournantes%2F|||\u00a0\u00bb][\/vc_column_inner][\/vc_row_inner][vc_row_inner][vc_column_inner][vc_single_image image=\u00a0\u00bb61&Prime; img_size=\u00a0\u00bbfull\u00a0\u00bb alignment=\u00a0\u00bbcenter\u00a0\u00bb onclick=\u00a0\u00bbcustom_link\u00a0\u00bb link=\u00a0\u00bbhttps:\/\/www.nipparts.com\/fr\/products_category\/debimetre-de-masse-dair\/\u00a0\u00bb][vc_custom_heading text=\u00a0\u00bbD\u00e9bim\u00e8tre de masse d\u2019air\u00a0\u00bb font_container=\u00a0\u00bbtag:h3|text_align:center\u00a0\u00bb use_theme_fonts=\u00a0\u00bbyes\u00a0\u00bb link=\u00a0\u00bburl:https%3A%2F%2Fwww.nipparts.com%2Ffr%2Fproducts_category%2Fdebimetre-de-masse-dair%2F|||\u00a0\u00bb][\/vc_column_inner][\/vc_row_inner][vc_row_inner][vc_column_inner][vc_single_image image=\u00a0\u00bb66&Prime; img_size=\u00a0\u00bbfull\u00a0\u00bb alignment=\u00a0\u00bbcenter\u00a0\u00bb onclick=\u00a0\u00bbcustom_link\u00a0\u00bb link=\u00a0\u00bbhttps:\/\/www.nipparts.com\/fr\/products_category\/systeme-de-freinage\/\u00a0\u00bb][vc_custom_heading text=\u00a0\u00bbSyst\u00e8me de freinage\u00a0\u00bb font_container=\u00a0\u00bbtag:h3|text_align:center\u00a0\u00bb use_theme_fonts=\u00a0\u00bbyes\u00a0\u00bb link=\u00a0\u00bburl:https%3A%2F%2Fwww.nipparts.com%2Ffr%2Fproducts_category%2Fsysteme-de-freinage%2F|||\u00a0\u00bb][\/vc_column_inner][\/vc_row_inner][vc_row_inner][vc_column_inner][vc_single_image image=\u00a0\u00bb71&Prime; img_size=\u00a0\u00bbfull\u00a0\u00bb alignment=\u00a0\u00bbcenter\u00a0\u00bb onclick=\u00a0\u00bbcustom_link\u00a0\u00bb link=\u00a0\u00bbhttps:\/\/www.nipparts.com\/fr\/products_category\/suspensions-fr\/\u00a0\u00bb][vc_custom_heading text=\u00a0\u00bbSuspensions\u00a0\u00bb font_container=\u00a0\u00bbtag:h3|text_align:center\u00a0\u00bb use_theme_fonts=\u00a0\u00bbyes\u00a0\u00bb link=\u00a0\u00bburl:https%3A%2F%2Fwww.nipparts.com%2Ffr%2Fproducts_category%2Fsuspensions-fr%2F|||\u00a0\u00bb][\/vc_column_inner][\/vc_row_inner][vc_row_inner][vc_column_inner][vc_single_image image=\u00a0\u00bb76&Prime; img_size=\u00a0\u00bbfull\u00a0\u00bb alignment=\u00a0\u00bbcenter\u00a0\u00bb onclick=\u00a0\u00bbcustom_link\u00a0\u00bb link=\u00a0\u00bbhttps:\/\/www.nipparts.com\/fr\/products_category\/direction\/\u00a0\u00bb][vc_custom_heading text=\u00a0\u00bbDirection\u00a0\u00bb font_container=\u00a0\u00bbtag:h3|text_align:center\u00a0\u00bb use_theme_fonts=\u00a0\u00bbyes\u00a0\u00bb link=\u00a0\u00bburl:https%3A%2F%2Fwww.nipparts.com%2Ffr%2Fproducts_category%2Fdirection%2F|||\u00a0\u00bb][\/vc_column_inner][\/vc_row_inner][vc_row_inner][vc_column_inner][vc_single_image image=\u00a0\u00bb81&Prime; img_size=\u00a0\u00bbfull\u00a0\u00bb alignment=\u00a0\u00bbcenter\u00a0\u00bb onclick=\u00a0\u00bbcustom_link\u00a0\u00bb link=\u00a0\u00bbhttps:\/\/www.nipparts.com\/fr\/products_category\/trasmission\/\u00a0\u00bb][vc_custom_heading text=\u00a0\u00bbTrasmission\u00a0\u00bb font_container=\u00a0\u00bbtag:h3|text_align:center\u00a0\u00bb use_theme_fonts=\u00a0\u00bbyes\u00a0\u00bb link=\u00a0\u00bburl:https%3A%2F%2Fwww.nipparts.com%2Ffr%2Fproducts_category%2Ftrasmission%2F|||\u00a0\u00bb][\/vc_column_inner][\/vc_row_inner][\/vc_column][\/vc_row][vc_row][vc_column][vc_btn title=\u00a0\u00bbEn savoir plus\u00a0\u00bb color=\u00a0\u00bbwhite\u00a0\u00bb link=\u00a0\u00bburl:https%3A%2F%2Fwww.nipparts.com%2Ffr%2Fles-produits%2F|||\u00a0\u00bb][\/vc_column][\/vc_row][\/vc_section][vc_section el_class=\u00a0\u00bbdownloadCatalogue\u00a0\u00bb][vc_row][vc_column width=\u00a0\u00bb1\/2&Prime;][vc_row_inner][vc_column_inner][vc_custom_heading text=\u00a0\u00bbT\u00e9l\u00e9chargement catalogues\u00a0\u00bb font_container=\u00a0\u00bbtag:h3|text_align:left\u00a0\u00bb use_theme_fonts=\u00a0\u00bbyes\u00a0\u00bb][vc_icon icon_fontawesome=\u00a0\u00bbfa fa-chevron-right\u00a0\u00bb][vc_single_image image=\u00a0\u00bb93&Prime; img_size=\u00a0\u00bbfull\u00a0\u00bb onclick=\u00a0\u00bbcustom_link\u00a0\u00bb link=\u00a0\u00bbhttps:\/\/www.nipparts.com\/fr\/telecharger\/\u00a0\u00bb][\/vc_column_inner][\/vc_row_inner][vc_column_text]Dans cette section il est possible de visionner et t\u00e9l\u00e9charger tous les catalogues et conseils NIPPARTS en version PDF.[\/vc_column_text][\/vc_column][vc_column width=\u00a0\u00bb1\/2&Prime;][vc_row_inner][vc_column_inner][vc_custom_heading text=\u00a0\u00bbCatalogue online\u00a0\u00bb font_container=\u00a0\u00bbtag:h3|text_align:left\u00a0\u00bb use_theme_fonts=\u00a0\u00bbyes\u00a0\u00bb][vc_icon icon_fontawesome=\u00a0\u00bbfa fa-chevron-right\u00a0\u00bb][vc_single_image image=\u00a0\u00bb957&Prime; img_size=\u00a0\u00bbfull\u00a0\u00bb onclick=\u00a0\u00bbcustom_link\u00a0\u00bb img_link_target=\u00a0\u00bb_blank\u00a0\u00bb link=\u00a0\u00bbhttps:\/\/ecom.eraspares.fr\/ec\/Tabellone.asp?SeCook=True&amp;login=1&Prime;][\/vc_column_inner][\/vc_row_inner][vc_column_text]Dans cet espace, vous trouverez le catalogue en ligne de tous les produits de la marque Nipparts ! Constamment mis \u00e0 jour, ce e-catalogue permet d\u2019avoir un panorama complet des pi\u00e8ces d\u00e9tach\u00e9es actuellement disponibles.[\/vc_column_text][\/vc_column][\/vc_row][\/vc_section][vc_row][vc_column width=\u00a0\u00bb1\/4&Prime; offset=\u00a0\u00bbvc_hidden-sm vc_hidden-xs\u00a0\u00bb][\/vc_column][vc_column width=\u00a0\u00bb1\/2&Prime;][vc_custom_heading text=\u00a0\u00bbNEWSLETTER\u00a0\u00bb font_container=\u00a0\u00bbtag:h2|text_align:center|color:%23e30613&Prime; use_theme_fonts=\u00a0\u00bbyes\u00a0\u00bb el_class=\u00a0\u00bbglobalTitle\u00a0\u00bb css=\u00a0\u00bb.vc_custom_1612340107981{padding-top: 14px !important;}\u00a0\u00bb][vc_column_text]<\/p>\n<p style=\"text-align: center;\">Inscrivez-vous \u00e0 notre newsletter pour recevoir nos informations et nouveaut\u00e9s<\/p>\n<p>[\/vc_column_text]\n<div class=\"wpcf7 no-js\" id=\"wpcf7-f1940-o1\" lang=\"en-US\" dir=\"ltr\" data-wpcf7-id=\"1940\">\n<div class=\"screen-reader-response\"><p role=\"status\" aria-live=\"polite\" aria-atomic=\"true\"><\/p> <ul><\/ul><\/div>\n<form action=\"\/fr\/wp-json\/wp\/v2\/pages\/1513#wpcf7-f1940-o1\" method=\"post\" class=\"wpcf7-form init\" aria-label=\"Contact form\" novalidate=\"novalidate\" data-status=\"init\">\n<fieldset class=\"hidden-fields-container\"><input type=\"hidden\" name=\"_wpcf7\" value=\"1940\" \/><input type=\"hidden\" name=\"_wpcf7_version\" value=\"6.1.4\" \/><input type=\"hidden\" name=\"_wpcf7_locale\" value=\"en_US\" \/><input type=\"hidden\" name=\"_wpcf7_unit_tag\" value=\"wpcf7-f1940-o1\" \/><input type=\"hidden\" name=\"_wpcf7_container_post\" value=\"0\" \/><input type=\"hidden\" name=\"_wpcf7_posted_data_hash\" value=\"\" \/><input type=\"hidden\" name=\"_wpcf7_recaptcha_response\" value=\"\" \/>\n<\/fieldset>\n<p><label for=\"rag-soc\">D\u00e9nomination sociale<\/label><br \/>\n<span class=\"wpcf7-form-control-wrap\" data-name=\"rag-soc\"><input size=\"40\" maxlength=\"400\" class=\"wpcf7-form-control wpcf7-text wpcf7-validates-as-required\" aria-required=\"true\" aria-invalid=\"false\" value=\"\" type=\"text\" name=\"rag-soc\" \/><\/span>\n<\/p>\n<p><label for=\"user-email\">E-mail<\/label><br \/>\n<span class=\"wpcf7-form-control-wrap\" data-name=\"user-email\"><input size=\"40\" maxlength=\"400\" class=\"wpcf7-form-control wpcf7-email wpcf7-validates-as-required wpcf7-text wpcf7-validates-as-email\" id=\"newsletter-subscriber-input\" aria-required=\"true\" aria-invalid=\"false\" value=\"\" type=\"email\" name=\"user-email\" \/><\/span>\n<\/p>\n<p><span class=\"wpcf7-form-control-wrap\" data-name=\"privacy\"><span class=\"wpcf7-form-control wpcf7-acceptance\"><span class=\"wpcf7-list-item\"><label><input type=\"checkbox\" name=\"privacy\" value=\"1\" aria-invalid=\"false\" \/><span class=\"wpcf7-list-item-label\">En cochant la case, je d\u00e9clare avoir re\u00e7u et lu les <a href=\"https:\/\/www.nipparts.com\/wp-content\/uploads\/2020\/08\/Informativa-privacy-policy_20190205_EN.pdf\" target=\"_blank\">termes et conditions<\/a><\/span><\/label><\/span><\/span><\/span>\n<\/p>\n<p><input class=\"wpcf7-form-control wpcf7-submit has-spinner\" type=\"submit\" value=\"VALIDER\" \/>\n<\/p><div class=\"wpcf7-response-output\" aria-hidden=\"true\"><\/div>\n<\/form>\n<\/div>\n[\/vc_column][vc_column width=\u00a0\u00bb1\/4&Prime; offset=\u00a0\u00bbvc_hidden-sm vc_hidden-xs\u00a0\u00bb][\/vc_column][\/vc_row][vc_row][vc_column][vc_column_text]<br \/>\n[\/vc_column_text][\/vc_column][\/vc_row][vc_row][vc_column][vc_column_text]<br \/>\n[\/vc_column_text][\/vc_column][\/vc_row][vc_section full_width=\u00a0\u00bbstretch_row\u00a0\u00bb disable_element=\u00a0\u00bbyes\u00a0\u00bb el_class=\u00a0\u00bbnewsHome\u00a0\u00bb][vc_row][vc_column][vc_custom_heading text=\u00a0\u00bbNews\u00a0\u00bb use_theme_fonts=\u00a0\u00bbyes\u00a0\u00bb el_class=\u00a0\u00bbglobalTitle red\u00a0\u00bb][vc_basic_grid post_type=\u00a0\u00bbpost\u00a0\u00bb max_items=\u00a0\u00bb4&Prime; element_width=\u00a0\u00bb3&Prime; item=\u00a0\u00bb103&Prime; grid_id=\u00a0\u00bbvc_gid:1613121613632-8a175d47-0e5e-4&Prime;][vc_btn title=\u00a0\u00bbScopri di pi\u00f9\u00a0\u00bb color=\u00a0\u00bbdefault\u00a0\u00bb link=\u00a0\u00bburl:https%3A%2F%2Fwww.nipparts.com%2Fnews%2F|||\u00a0\u00bb][\/vc_column][\/vc_row][\/vc_section]<\/p>\n<\/div>","protected":false},"excerpt":{"rendered":"<p>[vc_section el_class=\u00a0\u00bbintro\u00a0\u00bb][vc_row el_class=\u00a0\u00bbcontent\u00a0\u00bb][vc_column][vc_row_inner el_class=\u00a0\u00bbleft\u00a0\u00bb][vc_column_inner][vc_column_text] Nipparts Nipparts propose une large gamme de pi\u00e8ces d\u00e9tach\u00e9es de qualit\u00e9 \u00e9quivalente \u00e0 l&rsquo;originale avec des applications sp\u00e9cifiques pour les v\u00e9hicules asiatiques, fournis par les meilleurs producteurs.[\/vc_column_text][vc_btn title=\u00a0\u00bbEn savoir plus\u00a0\u00bb link=\u00a0\u00bburl:https%3A%2F%2Fwww.nipparts.com%2Ffr%2Flentreprise%2F|title:Azienda||\u00a0\u00bb][\/vc_column_inner][\/vc_row_inner][\/vc_column][\/vc_row][vc_row full_width=\u00a0\u00bbstretch_row_content\u00a0\u00bb][vc_column][vc_single_image image=\u00a0\u00bb1893&Prime; img_size=\u00a0\u00bbfull\u00a0\u00bb el_class=\u00a0\u00bbbg\u00a0\u00bb][\/vc_column][\/vc_row][\/vc_section][vc_section full_width=\u00a0\u00bbstretch_row\u00a0\u00bb el_class=\u00a0\u00bbproducts\u00a0\u00bb][vc_row][vc_column][vc_custom_heading text=\u00a0\u00bbLes produits\u00a0\u00bb use_theme_fonts=\u00a0\u00bbyes\u00a0\u00bb el_class=\u00a0\u00bbglobalTitle\u00a0\u00bb][vc_row_inner][vc_column_inner][vc_single_image image=\u00a0\u00bb28&Prime; img_size=\u00a0\u00bbfull\u00a0\u00bb alignment=\u00a0\u00bbcenter\u00a0\u00bb onclick=\u00a0\u00bbcustom_link\u00a0\u00bb link=\u00a0\u00bbhttps:\/\/www.nipparts.com\/fr\/products_category\/distribution-fr\/\u00a0\u00bb][vc_custom_heading text=\u00a0\u00bbDistribution\u00a0\u00bb font_container=\u00a0\u00bbtag:h3|text_align:center\u00a0\u00bb use_theme_fonts=\u00a0\u00bbyes\u00a0\u00bb link=\u00a0\u00bburl:https%3A%2F%2Fwww.nipparts.com%2Ffr%2Fproducts_category%2Fdistribution-fr%2F|||\u00a0\u00bb][\/vc_column_inner][\/vc_row_inner][vc_row_inner][vc_column_inner][vc_single_image image=\u00a0\u00bb36&Prime; [&hellip;]<\/p>\n","protected":false},"author":2,"featured_media":0,"parent":0,"menu_order":0,"comment_status":"closed","ping_status":"open","template":"templates\/home.php","meta":{"_acf_changed":false,"footnotes":""},"class_list":["post-1513","page","type-page","status-publish","hentry"],"acf":[],"_links":{"self":[{"href":"https:\/\/www.nipparts.com\/fr\/wp-json\/wp\/v2\/pages\/1513","targetHints":{"allow":["GET"]}}],"collection":[{"href":"https:\/\/www.nipparts.com\/fr\/wp-json\/wp\/v2\/pages"}],"about":[{"href":"https:\/\/www.nipparts.com\/fr\/wp-json\/wp\/v2\/types\/page"}],"author":[{"embeddable":true,"href":"https:\/\/www.nipparts.com\/fr\/wp-json\/wp\/v2\/users\/2"}],"replies":[{"embeddable":true,"href":"https:\/\/www.nipparts.com\/fr\/wp-json\/wp\/v2\/comments?post=1513"}],"version-history":[{"count":4,"href":"https:\/\/www.nipparts.com\/fr\/wp-json\/wp\/v2\/pages\/1513\/revisions"}],"predecessor-version":[{"id":1946,"href":"https:\/\/www.nipparts.com\/fr\/wp-json\/wp\/v2\/pages\/1513\/revisions\/1946"}],"wp:attachment":[{"href":"https:\/\/www.nipparts.com\/fr\/wp-json\/wp\/v2\/media?parent=1513"}],"curies":[{"name":"wp","href":"https:\/\/api.w.org\/{rel}","templated":true}]}}