{"id":1470,"date":"2019-10-09T14:07:53","date_gmt":"2019-10-09T12:07:53","guid":{"rendered":"https:\/\/www.nipparts.com\/area-download\/"},"modified":"2020-08-27T15:30:15","modified_gmt":"2020-08-27T13:30:15","slug":"telecharger","status":"publish","type":"page","link":"https:\/\/www.nipparts.com\/fr\/telecharger\/","title":{"rendered":"T\u00e9l\u00e9charger"},"content":{"rendered":"<div class=\"wpb-content-wrapper\"><p>[vc_row][vc_column][vc_raw_html]JTNDcCUyMGNsYXNzJTNEJTIyc3ViVGl0bGUlMjIlM0VEYW5zJTIwY2V0dGUlMjBzZWN0aW9uJTIwaWwlMjBlc3QlMjBwb3NzaWJsZSUyMGRlJTIwdmlzaW9ubmVyJTIwZXQlMjB0JUMzJUE5bCVDMyVBOWNoYXJnZXIlMjB0b3VzJTIwbGVzJTIwY2F0YWxvZ3VlcyUyMGV0JTIwY29uc2VpbHMlMjBOSVBQQVJUUyUyMGVuJTIwdmVyc2lvbiUyMFBERi4lM0MlMkZwJTNF[\/vc_raw_html][\/vc_column][\/vc_row][vc_section el_class=\u00a0\u00bbdownloadCatalogue\u00a0\u00bb css=\u00a0\u00bb.vc_custom_1581520919501{padding-top: 0px !important;padding-bottom: 0px !important;}\u00a0\u00bb][vc_row disable_element=\u00a0\u00bbyes\u00a0\u00bb][vc_column width=\u00a0\u00bb1\/2&Prime;][vc_row_inner][vc_column_inner][vc_custom_heading text=\u00a0\u00bbCataloghi\u00a0\u00bb font_container=\u00a0\u00bbtag:h3|text_align:left\u00a0\u00bb use_theme_fonts=\u00a0\u00bbyes\u00a0\u00bb link=\u00a0\u00bb|||\u00a0\u00bb][vc_icon icon_fontawesome=\u00a0\u00bbfa fa-chevron-right\u00a0\u00bb link=\u00a0\u00bb|||\u00a0\u00bb][vc_single_image image=\u00a0\u00bb957&Prime; img_size=\u00a0\u00bbfull\u00a0\u00bb onclick=\u00a0\u00bbcustom_link\u00a0\u00bb link=\u00a0\u00bbhttps:\/\/www.nipparts.com\/cataloghi\/\u00a0\u00bb css=\u00a0\u00bb.vc_custom_1585220884089{background-color: #cccccc !important;}\u00a0\u00bb][\/vc_column_inner][\/vc_row_inner][vc_column_text]In quest\u2019area troverai tutti i cataloghi dei prodotti a marchio Nipparts!<br \/>\nOgnuno di essi illustra i ricambi di una specifica gamma ed \u00e8 diviso in tre parti (applicazioni veicolari, figurato e cross competitor) per andare incontro alle principali esigenze di ciascun cliente.[\/vc_column_text][\/vc_column][vc_column width=\u00a0\u00bb1\/2&Prime;][vc_row_inner][vc_column_inner][vc_custom_heading text=\u00a0\u00bbInformazioni<br \/>\ntecniche\u00a0\u00bb font_container=\u00a0\u00bbtag:h3|text_align:left\u00a0\u00bb use_theme_fonts=\u00a0\u00bbyes\u00a0\u00bb link=\u00a0\u00bb|||\u00a0\u00bb][vc_icon icon_fontawesome=\u00a0\u00bbfa fa-chevron-right\u00a0\u00bb link=\u00a0\u00bb|||\u00a0\u00bb][vc_single_image image=\u00a0\u00bb951&Prime; img_size=\u00a0\u00bbfull\u00a0\u00bb onclick=\u00a0\u00bbcustom_link\u00a0\u00bb link=\u00a0\u00bbhttps:\/\/www.nipparts.com\/informazioni-tecniche\/\u00a0\u00bb css=\u00a0\u00bb.vc_custom_1585220891264{background-color: #cccccc !important;}\u00a0\u00bb][\/vc_column_inner][\/vc_row_inner][vc_column_text]In quest\u2019area troverai le istruzioni tecniche dei prodotti a marchio Nipparts!<br \/>\nTutti i documenti per montare e smontare correttamente il vostro ricambio, i manuali di uso e manutenzione per garantire la massima durata del vostro prodotto e le informazioni di garanzia.[\/vc_column_text][\/vc_column][\/vc_row][\/vc_section][vc_section el_class=\u00a0\u00bbdownloadCatalogue\u00a0\u00bb css=\u00a0\u00bb.vc_custom_1581521418971{padding-top: 0px !important;padding-bottom: 0px !important;}\u00a0\u00bb][vc_row][vc_column width=\u00a0\u00bb1\/2&Prime;][vc_row_inner][vc_column_inner][vc_custom_heading text=\u00a0\u00bbCatalogues\u00a0\u00bb font_container=\u00a0\u00bbtag:h3|text_align:left\u00a0\u00bb use_theme_fonts=\u00a0\u00bbyes\u00a0\u00bb link=\u00a0\u00bb|||\u00a0\u00bb][vc_icon icon_fontawesome=\u00a0\u00bbfa fa-chevron-right\u00a0\u00bb link=\u00a0\u00bb|||\u00a0\u00bb][vc_single_image image=\u00a0\u00bb957&Prime; img_size=\u00a0\u00bbfull\u00a0\u00bb onclick=\u00a0\u00bbcustom_link\u00a0\u00bb link=\u00a0\u00bbhttps:\/\/www.nipparts.com\/fr\/area-download\/catalogues\/\u00a0\u00bb css=\u00a0\u00bb.vc_custom_1596105907762{background-color: #cccccc !important;}\u00a0\u00bb][\/vc_column_inner][\/vc_row_inner][vc_column_text]Dans cet espace, vous trouverez tous les catalogues des produits de la marque Nipparts! Chacun illustre les pi\u00e8ces d\u00e9tach\u00e9es d\u2019une gamme sp\u00e9cifique et est divis\u00e9 en trois parties (applications v\u00e9hiculaires, liste illustr\u00e9e des composants et liste des r\u00e9f\u00e9rences crois\u00e9es) pour r\u00e9pondre aux principaux besoins de chaque client.[\/vc_column_text][\/vc_column][\/vc_row][\/vc_section]<\/p>\n<\/div>","protected":false},"excerpt":{"rendered":"<p>[vc_row][vc_column][vc_raw_html]JTNDcCUyMGNsYXNzJTNEJTIyc3ViVGl0bGUlMjIlM0VEYW5zJTIwY2V0dGUlMjBzZWN0aW9uJTIwaWwlMjBlc3QlMjBwb3NzaWJsZSUyMGRlJTIwdmlzaW9ubmVyJTIwZXQlMjB0JUMzJUE5bCVDMyVBOWNoYXJnZXIlMjB0b3VzJTIwbGVzJTIwY2F0YWxvZ3VlcyUyMGV0JTIwY29uc2VpbHMlMjBOSVBQQVJUUyUyMGVuJTIwdmVyc2lvbiUyMFBERi4lM0MlMkZwJTNF[\/vc_raw_html][\/vc_column][\/vc_row][vc_section el_class=\u00a0\u00bbdownloadCatalogue\u00a0\u00bb css=\u00a0\u00bb.vc_custom_1581520919501{padding-top: 0px !important;padding-bottom: 0px !important;}\u00a0\u00bb][vc_row disable_element=\u00a0\u00bbyes\u00a0\u00bb][vc_column width=\u00a0\u00bb1\/2&Prime;][vc_row_inner][vc_column_inner][vc_custom_heading text=\u00a0\u00bbCataloghi\u00a0\u00bb font_container=\u00a0\u00bbtag:h3|text_align:left\u00a0\u00bb use_theme_fonts=\u00a0\u00bbyes\u00a0\u00bb link=\u00a0\u00bb|||\u00a0\u00bb][vc_icon icon_fontawesome=\u00a0\u00bbfa fa-chevron-right\u00a0\u00bb link=\u00a0\u00bb|||\u00a0\u00bb][vc_single_image image=\u00a0\u00bb957&Prime; img_size=\u00a0\u00bbfull\u00a0\u00bb onclick=\u00a0\u00bbcustom_link\u00a0\u00bb link=\u00a0\u00bbhttps:\/\/www.nipparts.com\/cataloghi\/\u00a0\u00bb css=\u00a0\u00bb.vc_custom_1585220884089{background-color: #cccccc !important;}\u00a0\u00bb][\/vc_column_inner][\/vc_row_inner][vc_column_text]In quest\u2019area troverai tutti i cataloghi dei prodotti a marchio Nipparts! Ognuno di essi illustra i ricambi di una specifica gamma ed \u00e8 diviso in tre parti (applicazioni veicolari, figurato e cross competitor) [&hellip;]<\/p>\n","protected":false},"author":2,"featured_media":219,"parent":0,"menu_order":0,"comment_status":"closed","ping_status":"closed","template":"","meta":{"_acf_changed":false,"footnotes":""},"class_list":["post-1470","page","type-page","status-publish","has-post-thumbnail","hentry"],"acf":[],"_links":{"self":[{"href":"https:\/\/www.nipparts.com\/fr\/wp-json\/wp\/v2\/pages\/1470","targetHints":{"allow":["GET"]}}],"collection":[{"href":"https:\/\/www.nipparts.com\/fr\/wp-json\/wp\/v2\/pages"}],"about":[{"href":"https:\/\/www.nipparts.com\/fr\/wp-json\/wp\/v2\/types\/page"}],"author":[{"embeddable":true,"href":"https:\/\/www.nipparts.com\/fr\/wp-json\/wp\/v2\/users\/2"}],"replies":[{"embeddable":true,"href":"https:\/\/www.nipparts.com\/fr\/wp-json\/wp\/v2\/comments?post=1470"}],"version-history":[{"count":4,"href":"https:\/\/www.nipparts.com\/fr\/wp-json\/wp\/v2\/pages\/1470\/revisions"}],"predecessor-version":[{"id":1822,"href":"https:\/\/www.nipparts.com\/fr\/wp-json\/wp\/v2\/pages\/1470\/revisions\/1822"}],"wp:featuredmedia":[{"embeddable":true,"href":"https:\/\/www.nipparts.com\/fr\/wp-json\/wp\/v2\/media\/219"}],"wp:attachment":[{"href":"https:\/\/www.nipparts.com\/fr\/wp-json\/wp\/v2\/media?parent=1470"}],"curies":[{"name":"wp","href":"https:\/\/api.w.org\/{rel}","templated":true}]}}