{"id":1388,"date":"2019-08-30T09:18:59","date_gmt":"2019-08-30T07:18:59","guid":{"rendered":"https:\/\/www.nipparts.com\/prodotti\/"},"modified":"2020-07-30T10:39:41","modified_gmt":"2020-07-30T08:39:41","slug":"les-produits","status":"publish","type":"page","link":"https:\/\/www.nipparts.com\/fr\/les-produits\/","title":{"rendered":"Les produits"},"content":{"rendered":"<h4>La gamme Nipparts<\/h4>\n<p>Nipparts distribue plus de 13 000 articles r\u00e9partis en 73 lignes de produits, \u00e0 leur tour regroup\u00e9es en 11 familles, pour fournir une gamme compl\u00e8te et de qualit\u00e9 qui r\u00e9pond aux besoins de tous nos clients.<\/p>\n<p>La marque Nipparts est sp\u00e9cialis\u00e9e dans les pi\u00e8ces d\u00e9tach\u00e9es pour les voitures asiatiques, telles que Toyota, Honda, Mazda, Hyundai, Kia, Nissan et bien d&rsquo;autres.<\/p>\n<p>Une offre de produits en constante \u00e9volution et expansion.<\/p>\n","protected":false},"excerpt":{"rendered":"<p>La gamme Nipparts Nipparts distribue plus de 13 000 articles r\u00e9partis en 73 lignes de produits, \u00e0 leur tour regroup\u00e9es en 11 familles, pour fournir une gamme compl\u00e8te et de qualit\u00e9 qui r\u00e9pond aux besoins de tous nos clients. La marque Nipparts est sp\u00e9cialis\u00e9e dans les pi\u00e8ces d\u00e9tach\u00e9es pour les voitures asiatiques, telles que Toyota, [&hellip;]<\/p>\n","protected":false},"author":2,"featured_media":452,"parent":0,"menu_order":0,"comment_status":"closed","ping_status":"closed","template":"templates\/products.php","meta":{"_acf_changed":false,"footnotes":""},"class_list":["post-1388","page","type-page","status-publish","has-post-thumbnail","hentry"],"acf":[],"_links":{"self":[{"href":"https:\/\/www.nipparts.com\/fr\/wp-json\/wp\/v2\/pages\/1388","targetHints":{"allow":["GET"]}}],"collection":[{"href":"https:\/\/www.nipparts.com\/fr\/wp-json\/wp\/v2\/pages"}],"about":[{"href":"https:\/\/www.nipparts.com\/fr\/wp-json\/wp\/v2\/types\/page"}],"author":[{"embeddable":true,"href":"https:\/\/www.nipparts.com\/fr\/wp-json\/wp\/v2\/users\/2"}],"replies":[{"embeddable":true,"href":"https:\/\/www.nipparts.com\/fr\/wp-json\/wp\/v2\/comments?post=1388"}],"version-history":[{"count":2,"href":"https:\/\/www.nipparts.com\/fr\/wp-json\/wp\/v2\/pages\/1388\/revisions"}],"predecessor-version":[{"id":1390,"href":"https:\/\/www.nipparts.com\/fr\/wp-json\/wp\/v2\/pages\/1388\/revisions\/1390"}],"wp:featuredmedia":[{"embeddable":true,"href":"https:\/\/www.nipparts.com\/fr\/wp-json\/wp\/v2\/media\/452"}],"wp:attachment":[{"href":"https:\/\/www.nipparts.com\/fr\/wp-json\/wp\/v2\/media?parent=1388"}],"curies":[{"name":"wp","href":"https:\/\/api.w.org\/{rel}","templated":true}]}}