{"id":1385,"date":"2019-10-10T16:18:08","date_gmt":"2019-10-10T14:18:08","guid":{"rendered":"https:\/\/www.nipparts.com\/azienda\/"},"modified":"2020-10-29T09:53:46","modified_gmt":"2020-10-29T08:53:46","slug":"lentreprise","status":"publish","type":"page","link":"https:\/\/www.nipparts.com\/fr\/lentreprise\/","title":{"rendered":"L\u2019entreprise"},"content":{"rendered":"<div class=\"wpb-content-wrapper\"><p>[vc_row][vc_column width=\u00a0\u00bb2\/3&Prime;][vc_column_text]En 1981 est n\u00e9e l\u2019entreprise Nipparts \u00e0 Amsterdam.<br \/>\nL&rsquo;objectif est imm\u00e9diatement clair : fournir des pi\u00e8ces d\u00e9tach\u00e9es m\u00e9caniques en apr\u00e8s-vente pour les v\u00e9hicules asiatiques. Les filtres, les amortisseurs, les disques et plaquettes de frein, les embrayages et de nombreux autres produits sont d\u00e9velopp\u00e9s par du personnel expert et qualifi\u00e9.<\/p>\n<p>L&rsquo;entreprise est rapidement devenue leader dans son secteur, gr\u00e2ce \u00e9galement \u00e0 la rapidit\u00e9 et aux d\u00e9lais de livraison r\u00e9duits.<\/p>\n<p>Au fil des ann\u00e9es, gr\u00e2ce \u00e0 la grande exp\u00e9rience et \u00e0 la sp\u00e9cialisation acquise, Nipparts \u00e9largit constamment sa gamme tant en ce qui concerne le nombre de codes que le type de pi\u00e8ces d\u00e9tach\u00e9es g\u00e9r\u00e9es.<\/p>\n<p>Aujourd&rsquo;hui, le produit Nipparts est distribu\u00e9 dans le monde entier par ERA S.r.l .[\/vc_column_text][\/vc_column][vc_column width=\u00a0\u00bb1\/3&Prime;][vc_single_image image=\u00a0\u00bb927&Prime; img_size=\u00a0\u00bblarge\u00a0\u00bb][\/vc_column][\/vc_row]<\/p>\n<\/div>","protected":false},"excerpt":{"rendered":"<p>[vc_row][vc_column width=\u00a0\u00bb2\/3&Prime;][vc_column_text]En 1981 est n\u00e9e l\u2019entreprise Nipparts \u00e0 Amsterdam. L&rsquo;objectif est imm\u00e9diatement clair : fournir des pi\u00e8ces d\u00e9tach\u00e9es m\u00e9caniques en apr\u00e8s-vente pour les v\u00e9hicules asiatiques. Les filtres, les amortisseurs, les disques et plaquettes de frein, les embrayages et de nombreux autres produits sont d\u00e9velopp\u00e9s par du personnel expert et qualifi\u00e9. L&rsquo;entreprise est rapidement devenue leader [&hellip;]<\/p>\n","protected":false},"author":2,"featured_media":591,"parent":0,"menu_order":0,"comment_status":"closed","ping_status":"closed","template":"","meta":{"_acf_changed":false,"footnotes":""},"class_list":["post-1385","page","type-page","status-publish","has-post-thumbnail","hentry"],"acf":[],"_links":{"self":[{"href":"https:\/\/www.nipparts.com\/fr\/wp-json\/wp\/v2\/pages\/1385","targetHints":{"allow":["GET"]}}],"collection":[{"href":"https:\/\/www.nipparts.com\/fr\/wp-json\/wp\/v2\/pages"}],"about":[{"href":"https:\/\/www.nipparts.com\/fr\/wp-json\/wp\/v2\/types\/page"}],"author":[{"embeddable":true,"href":"https:\/\/www.nipparts.com\/fr\/wp-json\/wp\/v2\/users\/2"}],"replies":[{"embeddable":true,"href":"https:\/\/www.nipparts.com\/fr\/wp-json\/wp\/v2\/comments?post=1385"}],"version-history":[{"count":2,"href":"https:\/\/www.nipparts.com\/fr\/wp-json\/wp\/v2\/pages\/1385\/revisions"}],"predecessor-version":[{"id":1870,"href":"https:\/\/www.nipparts.com\/fr\/wp-json\/wp\/v2\/pages\/1385\/revisions\/1870"}],"wp:featuredmedia":[{"embeddable":true,"href":"https:\/\/www.nipparts.com\/fr\/wp-json\/wp\/v2\/media\/591"}],"wp:attachment":[{"href":"https:\/\/www.nipparts.com\/fr\/wp-json\/wp\/v2\/media?parent=1385"}],"curies":[{"name":"wp","href":"https:\/\/api.w.org\/{rel}","templated":true}]}}