{"id":1200,"date":"2019-10-09T16:37:36","date_gmt":"2019-10-09T14:37:36","guid":{"rendered":"https:\/\/www.nipparts.com\/contatti\/"},"modified":"2021-02-23T15:28:05","modified_gmt":"2021-02-23T14:28:05","slug":"contactos","status":"publish","type":"page","link":"https:\/\/www.nipparts.com\/es\/contactos\/","title":{"rendered":"Contactos"},"content":{"rendered":"<div class=\"wpb-content-wrapper\"><p>[vc_row][vc_column width=\u00bb1\/2&#8243;][vc_column_text]<\/p>\n<h3><strong>ERA S.r.l.<\/strong><\/h3>\n<p>Via Fernando Santi, 15 \u2013 10024<\/p>\n<p>Moncalieri (TO) ITALIA<\/p>\n<p><strong>Tel:<\/strong> +39-011-6891511<\/p>\n<p><strong>E-mail:<\/strong> era@eraspares.it<\/p>\n<p><strong>Correo electr\u00f3nico:<\/strong> era@pec.unonet.it<\/p>\n<p><strong>Web site:<\/strong> <a href=\"http:\/\/www.eraspares.es\" target=\"_blank\" rel=\"noopener noreferrer\">www.eraspares.es<\/a><\/p>\n<p>&nbsp;<\/p>\n<p><strong>NIF:<\/strong> IT07647200018<\/p>\n<p>Oficina del Registro de las Empresas de Tur\u00edn R.E.A. N\u00fam. 909465<\/p>\n<p>N\u00famero de Inscripci\u00f3n Tribunal Tur\u00edn N\u00fam. 298\/1999<\/p>\n<p>Capital social i.v. 500,000.00 Euro[\/vc_column_text][\/vc_column][vc_column width=\u00bb1\/2&#8243;][vc_custom_heading text=\u00bbRellenar un formulario\u00bb font_container=\u00bbtag:h2|text_align:center\u00bb use_theme_fonts=\u00bbyes\u00bb el_class=\u00bbred\u00bb]\n<div class=\"wpcf7 no-js\" id=\"wpcf7-f1202-o1\" lang=\"it-IT\" dir=\"ltr\" data-wpcf7-id=\"1202\">\n<div class=\"screen-reader-response\"><p role=\"status\" aria-live=\"polite\" aria-atomic=\"true\"><\/p> <ul><\/ul><\/div>\n<form action=\"\/es\/wp-json\/wp\/v2\/pages\/1200#wpcf7-f1202-o1\" method=\"post\" class=\"wpcf7-form init\" aria-label=\"Contact form\" novalidate=\"novalidate\" data-status=\"init\">\n<fieldset class=\"hidden-fields-container\"><input type=\"hidden\" name=\"_wpcf7\" value=\"1202\" \/><input type=\"hidden\" name=\"_wpcf7_version\" value=\"6.1.4\" \/><input type=\"hidden\" name=\"_wpcf7_locale\" value=\"it_IT\" \/><input type=\"hidden\" name=\"_wpcf7_unit_tag\" value=\"wpcf7-f1202-o1\" \/><input type=\"hidden\" name=\"_wpcf7_container_post\" value=\"0\" \/><input type=\"hidden\" name=\"_wpcf7_posted_data_hash\" value=\"\" \/><input type=\"hidden\" name=\"_wpcf7_recaptcha_response\" value=\"\" \/>\n<\/fieldset>\n<p><span class=\"wpcf7-form-control-wrap\" data-name=\"nomeCognome\"><input size=\"40\" maxlength=\"400\" class=\"wpcf7-form-control wpcf7-text wpcf7-validates-as-required\" aria-required=\"true\" aria-invalid=\"false\" placeholder=\"Nombre y apellidos *\" value=\"\" type=\"text\" name=\"nomeCognome\" \/><\/span>\n<\/p>\n<p><span class=\"wpcf7-form-control-wrap\" data-name=\"ragioneSociale\"><input size=\"40\" maxlength=\"400\" class=\"wpcf7-form-control wpcf7-text\" aria-invalid=\"false\" placeholder=\"Nombre de compa\u00f1\u00eda *\" value=\"\" type=\"text\" name=\"ragioneSociale\" \/><\/span>\n<\/p>\n<p><span class=\"wpcf7-form-control-wrap\" data-name=\"numeroTelefono\"><input size=\"40\" maxlength=\"400\" class=\"wpcf7-form-control wpcf7-text\" aria-invalid=\"false\" placeholder=\"Tel\u00e9fono *\" value=\"\" type=\"text\" name=\"numeroTelefono\" \/><\/span>\n<\/p>\n<p><span class=\"wpcf7-form-control-wrap\" data-name=\"indirizzoMail\"><input size=\"40\" maxlength=\"400\" class=\"wpcf7-form-control wpcf7-email wpcf7-validates-as-required wpcf7-text wpcf7-validates-as-email\" aria-required=\"true\" aria-invalid=\"false\" placeholder=\"E-mail *\" value=\"\" type=\"email\" name=\"indirizzoMail\" \/><\/span>\n<\/p>\n<p><span class=\"wpcf7-form-control-wrap\" data-name=\"messaggio\"><textarea cols=\"40\" rows=\"10\" maxlength=\"2000\" class=\"wpcf7-form-control wpcf7-textarea wpcf7-validates-as-required\" aria-required=\"true\" aria-invalid=\"false\" placeholder=\"Solicitud *\" name=\"messaggio\"><\/textarea><\/span>\n<\/p>\n\n<!--<label style=\"cursor:pointer\">\n  <span style=\"margin-right: 5px\">Para continuar, escribe los caracteres que se muestran *:<\/span>   <input type=\"hidden\" name=\"_wpcf7_captcha_challenge_captcha-778\" value=\"697718530\" \/><img loading=\"lazy\" decoding=\"async\" class=\"wpcf7-form-control wpcf7-captchac wpcf7-captcha-captcha-778\" width=\"84\" height=\"28\" alt=\"captcha\" src=\"https:\/\/www.nipparts.com\/wp-content\/uploads\/wpcf7_captcha\/697718530.png\" \/>\n  <span class=\"wpcf7-form-control-wrap\" data-name=\"captcha-778\"><input size=\"4\" maxlength=\"4\" class=\"wpcf7-form-control wpcf7-captchar\" autocomplete=\"off\" aria-invalid=\"false\" value=\"\" type=\"text\" name=\"captcha-778\" \/><\/span>\n<\/label>-->\n<p><span class=\"wpcf7-form-control-wrap\" data-name=\"privacy\"><span class=\"wpcf7-form-control wpcf7-checkbox wpcf7-validates-as-required\"><span class=\"wpcf7-list-item first last\"><label><input type=\"checkbox\" name=\"privacy[]\" value=\"Al marcar la casilla, declaro que he recibido y le\u00eddo los t\u00e9rminos y condiciones (art.13 Reglamento de la Uni\u00f3n Europea (UE) 2016\/679 \u201cGDPR\u201d).\" \/><span class=\"wpcf7-list-item-label\">Al marcar la casilla, declaro que he recibido y le\u00eddo los t\u00e9rminos y condiciones (art.13 Reglamento de la Uni\u00f3n Europea (UE) 2016\/679 \u201cGDPR\u201d).<\/span><\/label><\/span><\/span><\/span>\n<\/p>\n<p><input class=\"wpcf7-form-control wpcf7-submit has-spinner\" type=\"submit\" value=\"Solicitud\" \/>\n<\/p><div class=\"wpcf7-response-output\" aria-hidden=\"true\"><\/div>\n<\/form>\n<\/div>\n[\/vc_column][\/vc_row]<\/p>\n<\/div>","protected":false},"excerpt":{"rendered":"<p>[vc_row][vc_column width=\u00bb1\/2&#8243;][vc_column_text] ERA S.r.l. Via Fernando Santi, 15 \u2013 10024 Moncalieri (TO) ITALIA Tel: +39-011-6891511 E-mail: era@eraspares.it Correo electr\u00f3nico: era@pec.unonet.it Web site: www.eraspares.es &nbsp; NIF: IT07647200018 Oficina del Registro de las Empresas de Tur\u00edn R.E.A. N\u00fam. 909465 N\u00famero de Inscripci\u00f3n Tribunal Tur\u00edn N\u00fam. 298\/1999 Capital social i.v. 500,000.00 Euro[\/vc_column_text][\/vc_column][vc_column width=\u00bb1\/2&#8243;][vc_custom_heading text=\u00bbRellenar un formulario\u00bb font_container=\u00bbtag:h2|text_align:center\u00bb use_theme_fonts=\u00bbyes\u00bb [&hellip;]<\/p>\n","protected":false},"author":2,"featured_media":464,"parent":0,"menu_order":0,"comment_status":"closed","ping_status":"closed","template":"","meta":{"_acf_changed":false,"footnotes":""},"class_list":["post-1200","page","type-page","status-publish","has-post-thumbnail","hentry"],"acf":[],"_links":{"self":[{"href":"https:\/\/www.nipparts.com\/es\/wp-json\/wp\/v2\/pages\/1200","targetHints":{"allow":["GET"]}}],"collection":[{"href":"https:\/\/www.nipparts.com\/es\/wp-json\/wp\/v2\/pages"}],"about":[{"href":"https:\/\/www.nipparts.com\/es\/wp-json\/wp\/v2\/types\/page"}],"author":[{"embeddable":true,"href":"https:\/\/www.nipparts.com\/es\/wp-json\/wp\/v2\/users\/2"}],"replies":[{"embeddable":true,"href":"https:\/\/www.nipparts.com\/es\/wp-json\/wp\/v2\/comments?post=1200"}],"version-history":[{"count":4,"href":"https:\/\/www.nipparts.com\/es\/wp-json\/wp\/v2\/pages\/1200\/revisions"}],"predecessor-version":[{"id":1956,"href":"https:\/\/www.nipparts.com\/es\/wp-json\/wp\/v2\/pages\/1200\/revisions\/1956"}],"wp:featuredmedia":[{"embeddable":true,"href":"https:\/\/www.nipparts.com\/es\/wp-json\/wp\/v2\/media\/464"}],"wp:attachment":[{"href":"https:\/\/www.nipparts.com\/es\/wp-json\/wp\/v2\/media?parent=1200"}],"curies":[{"name":"wp","href":"https:\/\/api.w.org\/{rel}","templated":true}]}}