{"id":1101,"date":"2019-10-09T14:52:13","date_gmt":"2019-10-09T12:52:13","guid":{"rendered":"https:\/\/www.nipparts.com\/descargar-catalogos\/cataloghi\/"},"modified":"2020-08-25T16:15:46","modified_gmt":"2020-08-25T14:15:46","slug":"catalogo-en-linea","status":"publish","type":"page","link":"https:\/\/www.nipparts.com\/es\/descargar-catalogos\/catalogo-en-linea\/","title":{"rendered":"Cat\u00e1logo en l\u00ednea"},"content":{"rendered":"<div class=\"wpb-content-wrapper\"><p>[vc_row][vc_column][vc_custom_heading text=\u00bbEn esta \u00e1rea encontrar\u00e1s todos los cat\u00e1logos de la marca Nipparts.<br \/>\nCada cat\u00e1logo presenta los repuestos de una gama espec\u00edfica y se divide en tres secciones (aplicaciones de veh\u00edculos, im\u00e1genes y datos, y tabla de referencia cruzada) para responder a las principales necesidades de cada cliente. \u00bb font_container=\u00bbtag:p|text_align:center\u00bb use_theme_fonts=\u00bbyes\u00bb el_class=\u00bbsubTitle\u00bb][\/vc_column][\/vc_row]<\/p>\n<\/div>","protected":false},"excerpt":{"rendered":"<p>[vc_row][vc_column][vc_custom_heading text=\u00bbEn esta \u00e1rea encontrar\u00e1s todos los cat\u00e1logos de la marca Nipparts. Cada cat\u00e1logo presenta los repuestos de una gama espec\u00edfica y se divide en tres secciones (aplicaciones de veh\u00edculos, im\u00e1genes y datos, y tabla de referencia cruzada) para responder a las principales necesidades de cada cliente. \u00bb font_container=\u00bbtag:p|text_align:center\u00bb use_theme_fonts=\u00bbyes\u00bb el_class=\u00bbsubTitle\u00bb][\/vc_column][\/vc_row]<\/p>\n","protected":false},"author":2,"featured_media":860,"parent":1097,"menu_order":0,"comment_status":"closed","ping_status":"closed","template":"templates\/catalogs.php","meta":{"_acf_changed":false,"footnotes":""},"class_list":["post-1101","page","type-page","status-publish","has-post-thumbnail","hentry"],"acf":[],"_links":{"self":[{"href":"https:\/\/www.nipparts.com\/es\/wp-json\/wp\/v2\/pages\/1101","targetHints":{"allow":["GET"]}}],"collection":[{"href":"https:\/\/www.nipparts.com\/es\/wp-json\/wp\/v2\/pages"}],"about":[{"href":"https:\/\/www.nipparts.com\/es\/wp-json\/wp\/v2\/types\/page"}],"author":[{"embeddable":true,"href":"https:\/\/www.nipparts.com\/es\/wp-json\/wp\/v2\/users\/2"}],"replies":[{"embeddable":true,"href":"https:\/\/www.nipparts.com\/es\/wp-json\/wp\/v2\/comments?post=1101"}],"version-history":[{"count":2,"href":"https:\/\/www.nipparts.com\/es\/wp-json\/wp\/v2\/pages\/1101\/revisions"}],"predecessor-version":[{"id":1659,"href":"https:\/\/www.nipparts.com\/es\/wp-json\/wp\/v2\/pages\/1101\/revisions\/1659"}],"up":[{"embeddable":true,"href":"https:\/\/www.nipparts.com\/es\/wp-json\/wp\/v2\/pages\/1097"}],"wp:featuredmedia":[{"embeddable":true,"href":"https:\/\/www.nipparts.com\/es\/wp-json\/wp\/v2\/media\/860"}],"wp:attachment":[{"href":"https:\/\/www.nipparts.com\/es\/wp-json\/wp\/v2\/media?parent=1101"}],"curies":[{"name":"wp","href":"https:\/\/api.w.org\/{rel}","templated":true}]}}