{"id":1097,"date":"2019-10-09T14:07:53","date_gmt":"2019-10-09T12:07:53","guid":{"rendered":"https:\/\/www.nipparts.com\/area-download\/"},"modified":"2020-08-27T16:05:03","modified_gmt":"2020-08-27T14:05:03","slug":"descargar-catalogos","status":"publish","type":"page","link":"https:\/\/www.nipparts.com\/es\/descargar-catalogos\/","title":{"rendered":"Descargar cat\u00e1logos"},"content":{"rendered":"<div class=\"wpb-content-wrapper\"><p>[vc_row][vc_column][vc_raw_html]JTNDcCUyMGNsYXNzJTNEJTIyc3ViVGl0bGUlMjIlM0VMb3MlMjBjYXQlQzMlQTFsb2dvcyUyMHNlJTIwYWN0dWFsaXphbiUyMGNhZGElMjBhJUMzJUIxbyUyMHklMjBlc3QlQzMlQTFuJTIwZGlzcG9uaWJsZXMlMjBlbiUyMGZvcm1hdG8lMjBlbGVjdHIlQzMlQjNuaWNvJTIwZW4lMjBlbCUyMCVDMyVBMXJlYSUyMERvd25sb2FkJTIwZGUlMjBsYSUyMHdlYi4lMjBQJUMzJUFEZGVub3MlMjBsYXMlMjBjbGF2ZXMlMjBwYXJhJTIwZW50cmFyJTIweSUyMGRlc2Nhcmdhcmxvcy4lM0MlMkZwJTNF[\/vc_raw_html][\/vc_column][\/vc_row][vc_section el_class=\u00bbdownloadCatalogue\u00bb css=\u00bb.vc_custom_1581520919501{padding-top: 0px !important;padding-bottom: 0px !important;}\u00bb][vc_row disable_element=\u00bbyes\u00bb][vc_column width=\u00bb1\/2&#8243;][vc_row_inner][vc_column_inner][vc_custom_heading text=\u00bbCataloghi\u00bb font_container=\u00bbtag:h3|text_align:left\u00bb use_theme_fonts=\u00bbyes\u00bb link=\u00bb|||\u00bb][vc_icon icon_fontawesome=\u00bbfa fa-chevron-right\u00bb link=\u00bb|||\u00bb][vc_single_image image=\u00bb957&#8243; img_size=\u00bbfull\u00bb onclick=\u00bbcustom_link\u00bb link=\u00bbhttps:\/\/www.nipparts.com\/cataloghi\/\u00bb css=\u00bb.vc_custom_1585220884089{background-color: #cccccc !important;}\u00bb][\/vc_column_inner][\/vc_row_inner][vc_column_text]In quest\u2019area troverai tutti i cataloghi dei prodotti a marchio Nipparts!<br \/>\nOgnuno di essi illustra i ricambi di una specifica gamma ed \u00e8 diviso in tre parti (applicazioni veicolari, figurato e cross competitor) per andare incontro alle principali esigenze di ciascun cliente.[\/vc_column_text][\/vc_column][vc_column width=\u00bb1\/2&#8243;][vc_row_inner][vc_column_inner][vc_custom_heading text=\u00bbInformazioni<br \/>\ntecniche\u00bb font_container=\u00bbtag:h3|text_align:left\u00bb use_theme_fonts=\u00bbyes\u00bb link=\u00bb|||\u00bb][vc_icon icon_fontawesome=\u00bbfa fa-chevron-right\u00bb link=\u00bb|||\u00bb][vc_single_image image=\u00bb951&#8243; img_size=\u00bbfull\u00bb onclick=\u00bbcustom_link\u00bb link=\u00bbhttps:\/\/www.nipparts.com\/informazioni-tecniche\/\u00bb css=\u00bb.vc_custom_1585220891264{background-color: #cccccc !important;}\u00bb][\/vc_column_inner][\/vc_row_inner][vc_column_text]In quest\u2019area troverai le istruzioni tecniche dei prodotti a marchio Nipparts!<br \/>\nTutti i documenti per montare e smontare correttamente il vostro ricambio, i manuali di uso e manutenzione per garantire la massima durata del vostro prodotto e le informazioni di garanzia.[\/vc_column_text][\/vc_column][\/vc_row][\/vc_section][vc_section el_class=\u00bbdownloadCatalogue\u00bb css=\u00bb.vc_custom_1581521418971{padding-top: 0px !important;padding-bottom: 0px !important;}\u00bb][vc_row][vc_column width=\u00bb1\/2&#8243;][vc_row_inner][vc_column_inner][vc_custom_heading text=\u00bbCat\u00e1logos\u00bb font_container=\u00bbtag:h3|text_align:left\u00bb use_theme_fonts=\u00bbyes\u00bb link=\u00bb|||\u00bb][vc_icon icon_fontawesome=\u00bbfa fa-chevron-right\u00bb link=\u00bb|||\u00bb][vc_single_image image=\u00bb957&#8243; img_size=\u00bbfull\u00bb onclick=\u00bbcustom_link\u00bb link=\u00bbhttps:\/\/www.nipparts.com\/es\/descargar-catalogos\/catalogo-en-linea\/\u00bb css=\u00bb.vc_custom_1595945139425{background-color: #cccccc !important;}\u00bb][\/vc_column_inner][\/vc_row_inner][vc_column_text]En esta \u00e1rea encontrar\u00e1s todos los cat\u00e1logos de la marca Nipparts. Cada cat\u00e1logo presenta los repuestos de una gama espec\u00edfica y se divide en tres secciones (aplicaciones de veh\u00edculos, im\u00e1genes y datos, y tabla de referencia cruzada) para responder a las principales necesidades de cada cliente.[\/vc_column_text][\/vc_column][\/vc_row][\/vc_section]<\/p>\n<\/div>","protected":false},"excerpt":{"rendered":"<p>[vc_row][vc_column][vc_raw_html]JTNDcCUyMGNsYXNzJTNEJTIyc3ViVGl0bGUlMjIlM0VMb3MlMjBjYXQlQzMlQTFsb2dvcyUyMHNlJTIwYWN0dWFsaXphbiUyMGNhZGElMjBhJUMzJUIxbyUyMHklMjBlc3QlQzMlQTFuJTIwZGlzcG9uaWJsZXMlMjBlbiUyMGZvcm1hdG8lMjBlbGVjdHIlQzMlQjNuaWNvJTIwZW4lMjBlbCUyMCVDMyVBMXJlYSUyMERvd25sb2FkJTIwZGUlMjBsYSUyMHdlYi4lMjBQJUMzJUFEZGVub3MlMjBsYXMlMjBjbGF2ZXMlMjBwYXJhJTIwZW50cmFyJTIweSUyMGRlc2Nhcmdhcmxvcy4lM0MlMkZwJTNF[\/vc_raw_html][\/vc_column][\/vc_row][vc_section el_class=\u00bbdownloadCatalogue\u00bb css=\u00bb.vc_custom_1581520919501{padding-top: 0px !important;padding-bottom: 0px !important;}\u00bb][vc_row disable_element=\u00bbyes\u00bb][vc_column width=\u00bb1\/2&#8243;][vc_row_inner][vc_column_inner][vc_custom_heading text=\u00bbCataloghi\u00bb font_container=\u00bbtag:h3|text_align:left\u00bb use_theme_fonts=\u00bbyes\u00bb link=\u00bb|||\u00bb][vc_icon icon_fontawesome=\u00bbfa fa-chevron-right\u00bb link=\u00bb|||\u00bb][vc_single_image image=\u00bb957&#8243; img_size=\u00bbfull\u00bb onclick=\u00bbcustom_link\u00bb link=\u00bbhttps:\/\/www.nipparts.com\/cataloghi\/\u00bb css=\u00bb.vc_custom_1585220884089{background-color: #cccccc !important;}\u00bb][\/vc_column_inner][\/vc_row_inner][vc_column_text]In quest\u2019area troverai tutti i cataloghi dei prodotti a marchio Nipparts! Ognuno di essi illustra i ricambi di una specifica gamma ed \u00e8 diviso in tre parti (applicazioni veicolari, figurato e cross competitor) [&hellip;]<\/p>\n","protected":false},"author":2,"featured_media":221,"parent":0,"menu_order":0,"comment_status":"closed","ping_status":"closed","template":"","meta":{"_acf_changed":false,"footnotes":""},"class_list":["post-1097","page","type-page","status-publish","has-post-thumbnail","hentry"],"acf":[],"_links":{"self":[{"href":"https:\/\/www.nipparts.com\/es\/wp-json\/wp\/v2\/pages\/1097","targetHints":{"allow":["GET"]}}],"collection":[{"href":"https:\/\/www.nipparts.com\/es\/wp-json\/wp\/v2\/pages"}],"about":[{"href":"https:\/\/www.nipparts.com\/es\/wp-json\/wp\/v2\/types\/page"}],"author":[{"embeddable":true,"href":"https:\/\/www.nipparts.com\/es\/wp-json\/wp\/v2\/users\/2"}],"replies":[{"embeddable":true,"href":"https:\/\/www.nipparts.com\/es\/wp-json\/wp\/v2\/comments?post=1097"}],"version-history":[{"count":6,"href":"https:\/\/www.nipparts.com\/es\/wp-json\/wp\/v2\/pages\/1097\/revisions"}],"predecessor-version":[{"id":1831,"href":"https:\/\/www.nipparts.com\/es\/wp-json\/wp\/v2\/pages\/1097\/revisions\/1831"}],"wp:featuredmedia":[{"embeddable":true,"href":"https:\/\/www.nipparts.com\/es\/wp-json\/wp\/v2\/media\/221"}],"wp:attachment":[{"href":"https:\/\/www.nipparts.com\/es\/wp-json\/wp\/v2\/media?parent=1097"}],"curies":[{"name":"wp","href":"https:\/\/api.w.org\/{rel}","templated":true}]}}