{"id":1366,"date":"2020-05-22T09:55:05","date_gmt":"2020-05-22T07:55:05","guid":{"rendered":"https:\/\/www.nipparts.com\/cookie-policy\/"},"modified":"2020-07-30T09:17:23","modified_gmt":"2020-07-30T07:17:23","slug":"cookie-policy","status":"publish","type":"page","link":"https:\/\/www.nipparts.com\/de\/cookie-policy\/","title":{"rendered":"Cookie Policy"},"content":{"rendered":"<div class=\"wpb-content-wrapper\"><p>[vc_row][vc_column][vc_column_text]<\/p>\n<h3>INHABER DER DATENVERARBEITUNG<\/h3>\n<p>ERA S.r.l. mit Firmen- und Verwaltungssitz in Moncalieri (Torino), Via F. Santi 15, 10024, Italien, mit Steuernummer und Umsatzsteuernummer IT07647200018, eingetragen eingetragen beim Gerichtshof von Turin mit der Nr. 298\/1999 (im Folgenden auch \u201cUNTERNEHMEN\u201d).<\/p>\n<h3>1 &#8211; ZWECK DER DATENVERARBEITUNG<\/h3>\n<p><strong>1.1 \u2013 WAS SIND COOKIE<\/strong><\/p>\n<p>Cookies sind Textzeichenfolgen, die normalerweise aus Buchstaben und\/oder Zahlen bestehen und von einem Server erstellt und auf der Festplatte des Computers oder auf einem anderen vom Benutzer verwendeten Ger\u00e4t gespeichert werden (ab sofort Benutzer der Website nipparts.com), um auf das Internet zuzugreifen (Smartphone, Tablet usw.). Cookies erm\u00f6glichen es uns, Informationen \u00fcber die Navigation des Benutzers auf unserer Website zu sammeln. Cookies k\u00f6nnen klassifiziert werden anhand von:<\/p>\n<ul>\n<li>Dauer: Sitzungs- oder dauerhafte Cookies;<\/li>\n<li>Herkunft: Cookies von Erstanbietern oder Drittanbietern;<\/li>\n<li>Zweck: technische, analytische oder Profiling-Cookies.<\/li>\n<\/ul>\n<p>Cookies k\u00f6nnen dauerhaft auf dem Computer des Benutzers gespeichert werden und eine variable Dauer haben (sogenannte dauerhafte Cookies), oder sie k\u00f6nnen verschwinden, wenn der Browser geschlossen wird und eine begrenzte Dauer haben (sogenannte Sitzungscookies).<\/p>\n<p>Cookies k\u00f6nnen von der Website installiert werden, die der Benutzer besucht (sogenannte Erstanbieter-Cookies), oder sie k\u00f6nnen von anderen Websites installiert werden (sogenannte Drittanbieter-Cookies).<\/p>\n<p>Es wird darauf hingewiesen, dass die normalerweise von einem Cookie erf\u00fcllten Zwecke auch durch andere \u00e4hnliche Technologien erreicht werden k\u00f6nnen, einschlie\u00dflich der Verwendung bestimmter Funktionen, mit denen die Ger\u00e4te identifiziert werden k\u00f6nnen, um Besuche auf einer Website zu analysieren. Tats\u00e4chlich gelten diese Informationen f\u00fcr jede Technologie, die Informationen auf dem Ger\u00e4t des Benutzers speichert oder darauf zugreift. In diese Kategorie fallen beispielsweise die lokale HTML5-Archivierung, Local Shared Objects (auch als Flash-Cookies bezeichnet) und Fingerprinting-Techniken. Insbesondere ist das Fingerprinting des Ger\u00e4tes eine Technik, die aus dem Kombinieren einer Reihe von Informationen besteht, um ein bestimmtes Ger\u00e4t eindeutig zu identifizieren. Beispiele f\u00fcr Informationen, die durch Fingerprinting des Ger\u00e4tes erkannt, verkn\u00fcpft oder abgeleitet werden k\u00f6nnen, sind:<\/p>\n<ul>\n<li>Daten, die aus der Konfiguration eines Ger\u00e4ts stammen;<\/li>\n<li>Daten, die aus der Verwendung bestimmter Netzwerkprotokolle abgeleitet werden k\u00f6nnen;<\/li>\n<li>JavaScript;<\/li>\n<li>HTTP-Header-Informationen, Informationen zur Uhr;<\/li>\n<li>installierte Schriftarten\/Font;<\/li>\n<li>Im Browser installierte Plugin.<\/li>\n<\/ul>\n<p>Diese Elemente k\u00f6nnen auch mit zus\u00e4tzlichen Informationen wie IP-Adressen oder eindeutigen Kenndaten usw. kombiniert werden. Wenn wir von nun an von Cookies sprechen, werden in dieser Definition auch andere \u00e4hnliche Technologien ber\u00fccksichtigt.<\/p>\n<p>Die Website verwendet Cookies von Erstanbietern, Drittanbietern und andere verwandte Technologien, wie nachstehend ausf\u00fchrlicher beschrieben.<\/p>\n<h3>1.2 \u2013 WAS WIR COOKIES VERWENDEN<\/h3>\n<p><strong>A. Technische Cookies<\/strong><\/p>\n<p>Technische Cookies sind erforderlich, damit die Website funktioniert, da sie Funktionen zur Erleichterung der Benutzernavigation erm\u00f6glichen. Sie k\u00f6nnen beispielsweise auf Ihr Profil zugreifen, ohne sich jedes Mal<\/p>\n<p>anmelden zu m\u00fcssen, oder Sie k\u00f6nnen die Sprache ausw\u00e4hlen, in der Sie die Website durchsuchen m\u00f6chten, ohne sie jedes Mal festlegen zu m\u00fcssen. Technische Cookies werden als unbedingt erforderlich angesehen, da die Speicherung von Informationen f\u00fcr die Bereitstellung des vom Benutzer angeforderten Dienstes unerl\u00e4sslich ist. Daher bed\u00fcrfen diese Cookies nicht der Zustimmung des Benutzers, da sie f\u00fcr das ordnungsgem\u00e4\u00dfe Funktionieren der Website unerl\u00e4sslich sind. Die Liste der verwendeten technischen Cookies, ihrer Zwecke und ihrer Dauer ist in der &#8220;Tabelle der Cookies&#8221; aufgef\u00fchrt.<\/p>\n<p><strong>B. Analytische Cookies<\/strong><\/p>\n<p>Hierbei handelt es sich um Erst- oder Drittanbieter-Cookies, die installiert werden, um haupts\u00e4chlich statistische Informationen \u00fcber die Nutzung der Website zu sammeln (wie lange der Benutzer auf einer Website geblieben ist, wie viele Besucher die Website hatte usw.). Sie sind n\u00fctzlich, um Zugriffe oder Besuche auf der Website selbst statistisch zu analysieren und dem Eigent\u00fcmer zu erm\u00f6glichen, die Struktur, Navigationslogik und Inhalte zu verbessern. Die gesammelten Informationen werden verwendet, um die Nutzung der Website zu verbessern und m\u00f6glicherweise den Inhalt interessanter und relevanter f\u00fcr die Benutzers zu machen. Die Zustimmung zur Installation dieser Cookies ist optional, da analytische Cookies f\u00fcr das Funktionieren der Website nicht unbedingt erforderlich sind. Der Benutzer kann die zum Ausdruck gebrachten Pr\u00e4ferenzen jederzeit \u00e4ndern oder seine Zustimmung zu ihrer Verwendung \u00fcber das entsprechende Men\u00fc zur Verwaltung der Pr\u00e4ferenzen widerrufen. Die Liste der verwendeten analytischen Cookies, ihrer Zwecke und ihrer Dauer ist in der &#8220;Tabelle der Cookies&#8221; aufgef\u00fchrt. Es wird darauf hingewiesen, dass die Website keine analytischen Cookies verwendet.<\/p>\n<p>Google Analytics verwendet wie andere Systeme Cookies, damit die Website analysieren kann, wie Benutzer die Website nutzen. Die durch Cookies erzeugten Informationen \u00fcber die Nutzung der Website durch den Benutzer (einschlie\u00dflich der IP-Adresse) werden an die Server von Google in den USA \u00fcbertragen und dort gespeichert. Google wird diese Informationen verwenden, um die Nutzung der Website zu verfolgen und zu untersuchen, um Berichte \u00fcber die Aktivit\u00e4ten der Website zu erstellen und um andere Dienste im Zusammenhang mit der Nutzung des Internets bereitzustellen. Es steht Google frei diese Informationen auch an Dritte weiterzugeben, wenn dies gesetzlich vorgeschrieben ist oder wenn diese Dritten die oben genannten Informationen im Auftrag von Google verarbeiten. Google wird die IP-Adresse des Nutzers nicht mit anderen Daten von Google verkn\u00fcpfen. Die Zustimmung zur Installation von analytischen Cookies von Drittanbietern ist optional: Der Benutzer kann sie \u00fcber das Men\u00fc zur Verwaltung spezifischer Einstellungen ablehnen.<\/p>\n<p>Alternativ hat der Benutzer die M\u00f6glichkeit, zu verhindern, dass Google Analytics seine Daten verwendet, indem er das Google Analytics-Opt-Out f\u00fcr seinen Webbrowser herunterl\u00e4dt, das unter folgendem Link https:\/\/tools.google verf\u00fcgbar ist .com \/ dlpage \/ gaoptout? hl = en<\/p>\n<p><strong>C. Profiling-Cookies<\/strong><\/p>\n<p>Diese Cookies werden verwendet, um das Surfen des Benutzers im Internet zu verfolgen, sein Verhalten f\u00fcr Marketingzwecke zu analysieren und Profile zu seinen Vorlieben, Gewohnheiten, Entscheidungen usw. zu erstellen. Dank dieser Art von Cookies kann dem Benutzer Werbung gem\u00e4\u00df den Pr\u00e4ferenzen und Interessen angeboten werden, die bereits vom selben Benutzer beim Surfen im Internet ge\u00e4u\u00dfert wurden.<\/p>\n<p>Die Zustimmung zur Installation dieser Cookies ist optional, da Profiling-Cookies f\u00fcr das Funktionieren der Website nicht unbedingt erforderlich sind. Der Benutzer kann die zum Ausdruck gebrachten Pr\u00e4ferenzen<\/p>\n<p>jederzeit \u00e4ndern oder seine Zustimmung zu ihrer Verwendung \u00fcber das entsprechende Men\u00fc zur Verwaltung der Pr\u00e4ferenzen widerrufen. Die Liste der verwendeten Profiling-Cookies, ihrer Zwecke und ihrer Dauer ist in der &#8220;Tabelle der Cookies&#8221; aufgef\u00fchrt.<\/p>\n<p>Es wird darauf hingewiesen, dass die Website keine Profiling-Cookies verwendet.<\/p>\n<p><strong>D. Social Cookie<\/strong><\/p>\n<p>Auf der Website finden Sie auch social Schaltfl\u00e4chen\/Widgets, d.h. Schaltfl\u00e4chen, die die Symbole sozialer Netzwerke darstellen (insbesondere Facebook, Instagram, Twitter, YouTube und Pinterest). Diese &#8220;Schaltfl\u00e4chen&#8221; erm\u00f6glichen es dem Benutzer, beim Surfen auf der Website mit einem &#8220;Klick&#8221; direkt mit den Seiten des Eigent\u00fcmers in jedem sozialen Netzwerk zu interagieren. Mit dem Klick erfasst das soziale Netzwerk Daten zum Besuch des Benutzers auf der Website und gibt gleichzeitig seine Profiling-Cookies frei. Die Zustimmung zur Verwendung dieser Art von Cookies ist optional: Der Benutzer kann sie jederzeit aktivieren oder widerrufen, indem er auf das entsprechende Einstellungsverwaltungsmen\u00fc (Link) zugreift.<\/p>\n<h3>1.3 \u2013 BENUTZEREINSTELLUNGEN F\u00dcR COOKIES VERWALTEN<\/h3>\n<p>Technische Cookies werden verwendet, um Benutzereinstellungen bez\u00fcglich der Verwendung von Cookies zu speichern. Der Benutzer kann jederzeit die zum Zeitpunkt des ersten Besuchs der Website ge\u00e4u\u00dferten Einstellungen \u00e4ndern, indem er auf die Schaltfl\u00e4che zum Verwalten seiner Einstellungen klickt (Link). Beim Klicken wird ein Men\u00fc angezeigt, in dem jedem Cookie-Typ die Zustimmung erteilt oder widerrufen werden kann.<\/p>\n<p>Alternativ kann der Benutzer seinen Browser so einstellen, dass automatisch verhindert wird, dass Cookies oder bestimmte Arten von Cookies auf dem Ger\u00e4t gespeichert werden.<\/p>\n<p>Die Anweisungen der Hauptbrowser hierzu finden Sie unter den folgenden Links:<\/p>\n<ul>\n<li><a href=\"https:\/\/support.google.com\/accounts\/answer\/61416?co=GENIE.Platform%3DDesktop&amp;hl=de\" target=\"_blank\" rel=\"noopener noreferrer\">Chrome (link)<\/a><\/li>\n<li><a href=\"https:\/\/support.microsoft.com\/de-de\/help\/4468242\/microsoft-edge-browsing-data-and-privacy\" target=\"_blank\" rel=\"noopener noreferrer\">Microsoft Edge (link)<\/a><\/li>\n<li><a href=\"https:\/\/support.mozilla.org\/it\/kb\/Gestione%20dei%20cookie#firefox:win10:fx78\" target=\"_blank\" rel=\"noopener noreferrer\">Mozilla Firefox (link)<\/a><\/li>\n<li><a href=\"https:\/\/support.microsoft.com\/de-de\/help\/17442\/windows-internet-explorer-delete-manage-cookies\" target=\"_blank\" rel=\"noopener noreferrer\">Internet Explorer (link)<\/a><\/li>\n<li>Opera (link, please read \u201cManage cookies in pages\u201d section)<\/li>\n<li>Apple Safari (link)<\/li>\n<\/ul>\n<p>Zum Schluss kann der Benutzer am Ende jeder Browsersitzung die gesammelten Cookies von der Festplatte seines Ger\u00e4ts l\u00f6schen.<\/p>\n<p>Um mehr \u00fcber Cookies und Verhaltenswerbung zu erfahren, kann der Benutzer auf die folgenden Links klicken:<\/p>\n<p><a href=\"http:\/\/www.allaboutcookies.org\" target=\"_blank\" rel=\"noopener noreferrer\">http:\/\/www.allaboutcookies.org<\/a><br \/>\n<a href=\"http:\/\/www.youronlinechoices.com\" target=\"_blank\" rel=\"noopener noreferrer\">http:\/\/www.youronlinechoices.com<\/a><\/p>\n<table style=\"width: 100%;\">\n<tbody>\n<tr>\n<th>Name des Cookies<\/th>\n<th>Zweck des Cookies<\/th>\n<th>Aufbewahrungszeit f\u00fcr Cookies<\/th>\n<th>Was passiert, wenn der Benutzer das Cookie l\u00f6scht?<\/th>\n<th>Provider<\/th>\n<\/tr>\n<tr>\n<td width=\"150\">_ga<\/td>\n<td>Wird zur Unterscheidung von Benutzern verwendet.<\/td>\n<td>2 Jahre<\/td>\n<td width=\"250\">Wenn gel\u00f6scht wird, werden die Daten nicht erfasst<\/td>\n<td>Google<\/td>\n<\/tr>\n<tr>\n<td width=\"150\">_gid<\/td>\n<td>Wird zur Unterscheidung von Benutzern verwendet.<\/td>\n<td>24 Stunden<\/td>\n<td width=\"250\">Wenn gel\u00f6scht wird, werden die Daten nicht erfasst<\/td>\n<td>Google<\/td>\n<\/tr>\n<tr>\n<td width=\"150\">_gat<\/td>\n<td>Wird verwendet, um die H\u00e4ufigkeit von Anfragen zu begrenzen. Wenn Google Analytics \u00fcber Google Tag Manager verteilt wird, hei\u00dft dieses Cookie _dc_gtm_ &lt;property-id&gt;.<\/td>\n<td>1 Minute<\/td>\n<td width=\"250\">Wenn gel\u00f6scht wird, werden die Daten nicht erfasst<\/td>\n<td>Google<\/td>\n<\/tr>\n<\/tbody>\n<\/table>\n<h3>3 &#8211; VERBINDLICHKEIT DER DATENERBRINGUNG<\/h3>\n<p>Personenbezogene Daten, die durch die Installation von technischen Cookies von Erstanbietern verarbeitet werden, sind erforderlich, um den ordnungsgem\u00e4\u00dfen Betrieb und die Navigation der Website sicherzustellen. Im Gegensatz dazu sind analytische, profiling und social Cookies nicht unbedingt erforderlich: Die personenbezogenen Daten des Benutzers werden durch die Verwendung dieser Cookies nur mit vorheriger ausdr\u00fccklicher Zustimmung des Benutzers verarbeitet.<\/p>\n<h3>4 &#8211; DATENEMPF\u00c4NGER<\/h3>\n<p>Die Daten k\u00f6nnen von externen Personen, die als autonome Eigent\u00fcmer fungieren, beispielsweise von Aufsichts- und Kontrollbeh\u00f6rden und -gremien, verarbeitet werden.<\/p>\n<p>Die Daten k\u00f6nnen im Auftrag des f\u00fcr die Verarbeitung Verantwortlichen auch von externen Personen verarbeitet werden, die als Datenverarbeiter bezeichnet werden und denen angemessene Betriebsanweisungen erteilt werden. Diese Personen fallen im Wesentlichen unter die folgenden Kategorien:<\/p>\n<p>a. Unternehmen die E-Mail-Versendungsdienste anbieten;<\/p>\n<p>b. Unternehmen, die Dienstleistungen anbieten, die ma\u00dfgeblich zur Verfolgung der in dieser Erkl\u00e4rung angegebenen Zwecke beitragen (IT-Lieferanten, Unternehmen, das die Wartung und Instandhaltung des Standorts verwaltet &#8230;).<\/p>\n<p>Die Liste der als Datenverarbeiter ernannten Personen wird st\u00e4ndig aktualisiert und ist auf Anfrage verf\u00fcgbar, indem eine E-Mail-Adresse eingegeben wird.<\/p>\n<h3>5 &#8211; F\u00dcR DIE DATENVERARBEITUNG AUTORISIERTE PERSONEN<\/h3>\n<p>Die Daten k\u00f6nnen von den Angestellten der mit der Ausf\u00fchrung der oben genannten Zwecke benannten betrieblichen Funktionen, die ausdr\u00fccklich f\u00fcr die Datenverarbeitung autorisiert sind und dementsprechende Arbeitsanweisungen enthalten haben, verarbeitet werden.<\/p>\n<h3>6 &#8211; DATENEMPF\u00c4NGER<\/h3>\n<p>Die durch die Verwendung von Google-Cookies gesammelten Daten k\u00f6nnen au\u00dferhalb der Europ\u00e4ischen Union, insbesondere in den USA, \u00fcbertragen werden.<\/p>\n<h3>7 &#8211; IHRE RECHTE ALS VON DER DATENVERARBEITUNG BETROFFENE PERSON &#8211; BESCHWERDE BEI DER KONTROLLBEH\u00d6RDE<\/h3>\n<p>Wenn Sie das Unternehmen \u00fcber E-Mail an die Adresse privacy@rhiag-group.com anschreiben, k\u00f6nnen Sie den Zugang zu den Daten, die Sie betreffen, ihre L\u00f6schung, die Berichtigung falscher Daten, Erg\u00e4nzung unvollst\u00e4ndiger Daten und die Einschr\u00e4nkung der Datenverarbeitung in den vom Art.18 des GDPR vorgesehenen F\u00e4llen beantragen und sich in den F\u00e4llen von legitimem Interesse des Unternehmens der Datenverarbeitung zu widersetzen.<\/p>\n<p>Au\u00dferdem haben Sie, wenn die Verarbeitung auf der Zustimmung und dem Vertrag basiert und mit automatisierten Instrumenten erfolgt, das Recht, Ihre Daten in einem strukturierten, gebrauchs\u00fcblichen Format, das von automatischen Ger\u00e4ten gelesen werden kann, zu erhalten und, wenn es technisch machbar ist, sie ohne Behinderung an einen anderen Inhaber zu senden.<\/p>\n<p>Sie haben das Recht, Ihre f\u00fcr die Verarbeitung f\u00fcr Marketingzwecke und\/oder zur Erstellung von Profilen gegebene Zustimmung zu jedem Zeitpunkt zur\u00fcckzuziehen und sich der Datenverarbeitung f\u00fcr Marketingzwecke, einschlie\u00dflich der Erstellung von Profilen, die mit dem Direktmarketing verbunden ist, zu widersetzen. Die M\u00f6glichkeit, sich f\u00fcr die oben genannten Zwecke ausschlie\u00dflich \u00fcber traditionelle Modalit\u00e4ten kontaktieren zu lassen und sich nur dem Erhalt von Kommunikationen \u00fcber automatisierte Verfahren zu widersetzen, bleibt unbeschadet.<\/p>\n<p>Sie haben das Recht, im Mitgliedsstaat, in dem Sie Ihren gew\u00f6hnlichen Aufenthalt haben oder arbeiten oder in dem Staat, in dem die mutma\u00dfliche Verletzung begangen worden ist, bei der zust\u00e4ndigen Kontrollbeh\u00f6rde Beschwerde einzureichen.[\/vc_column_text][\/vc_column][\/vc_row]<\/p>\n<\/div>","protected":false},"excerpt":{"rendered":"<p>[vc_row][vc_column][vc_column_text] INHABER DER DATENVERARBEITUNG ERA S.r.l. mit Firmen- und Verwaltungssitz in Moncalieri (Torino), Via F. Santi 15, 10024, Italien, mit Steuernummer und Umsatzsteuernummer IT07647200018, eingetragen eingetragen beim Gerichtshof von Turin mit der Nr. 298\/1999 (im Folgenden auch \u201cUNTERNEHMEN\u201d). 1 &#8211; ZWECK DER DATENVERARBEITUNG 1.1 \u2013 WAS SIND COOKIE Cookies sind Textzeichenfolgen, die normalerweise aus Buchstaben [&hellip;]<\/p>\n","protected":false},"author":2,"featured_media":1367,"parent":0,"menu_order":0,"comment_status":"closed","ping_status":"closed","template":"","meta":{"_acf_changed":false,"footnotes":""},"class_list":["post-1366","page","type-page","status-publish","has-post-thumbnail","hentry"],"acf":[],"_links":{"self":[{"href":"https:\/\/www.nipparts.com\/de\/wp-json\/wp\/v2\/pages\/1366","targetHints":{"allow":["GET"]}}],"collection":[{"href":"https:\/\/www.nipparts.com\/de\/wp-json\/wp\/v2\/pages"}],"about":[{"href":"https:\/\/www.nipparts.com\/de\/wp-json\/wp\/v2\/types\/page"}],"author":[{"embeddable":true,"href":"https:\/\/www.nipparts.com\/de\/wp-json\/wp\/v2\/users\/2"}],"replies":[{"embeddable":true,"href":"https:\/\/www.nipparts.com\/de\/wp-json\/wp\/v2\/comments?post=1366"}],"version-history":[{"count":3,"href":"https:\/\/www.nipparts.com\/de\/wp-json\/wp\/v2\/pages\/1366\/revisions"}],"predecessor-version":[{"id":1370,"href":"https:\/\/www.nipparts.com\/de\/wp-json\/wp\/v2\/pages\/1366\/revisions\/1370"}],"wp:featuredmedia":[{"embeddable":true,"href":"https:\/\/www.nipparts.com\/de\/wp-json\/wp\/v2\/media\/1367"}],"wp:attachment":[{"href":"https:\/\/www.nipparts.com\/de\/wp-json\/wp\/v2\/media?parent=1366"}],"curies":[{"name":"wp","href":"https:\/\/api.w.org\/{rel}","templated":true}]}}