{"id":1338,"date":"2019-10-10T12:19:11","date_gmt":"2019-10-10T10:19:11","guid":{"rendered":"https:\/\/www.nipparts.com\/e-commerce\/"},"modified":"2022-08-31T09:31:00","modified_gmt":"2022-08-31T07:31:00","slug":"e-commerce","status":"publish","type":"page","link":"https:\/\/www.nipparts.com\/de\/e-commerce\/","title":{"rendered":"E-commerce"},"content":{"rendered":"<div class=\"wpb-content-wrapper\"><p>[vc_row][vc_column][vc_column_text]<\/p>\n<p style=\"text-align: center;\">Alle Produkte Nipparts k\u00f6nnen direkt im E-Commerce erworben werden.<\/p>\n<p style=\"text-align: center;\">\u00dcber dieses Tool haben Kunden die M\u00f6glichkeit, nach den Codes ihres Interesses zu suchen, Preise und Verf\u00fcgbarkeit zu \u00fcberpr\u00fcfen und Produkte direkt zu erwerben.<\/p>\n<p style=\"text-align: center;\">Nipparts vertreibt seine Ersatzteile \u00fcber den E-Commerce von ERA, ein italienisches Unternehmen, das auf sich auf den Aftermarket der Automobilindustrie spezialisiert hat.<\/p>\n<p>[\/vc_column_text][\/vc_column][\/vc_row][vc_section full_width=&#8221;stretch_row&#8221; el_class=&#8221;ecommercePage&#8221;][vc_row][vc_column][vc_raw_html el_class=&#8221;text-right loginForm&#8221;]JTNDaWZyYW1lJTIwc3JjJTNEJTIyaHR0cHMlM0ElMkYlMkZlY29tLmVyYXNwYXJlcy5kZSUyRmVjJTJGbG9naW5ib3guYXNwJTIyJTIwc3R5bGUlM0QlMjJ3aWR0aCUzQTEwMCUyNSUzQmhlaWdodCUzQTE1OHB4JTNCZGlzcGxheSUzQWJsb2NrJTNCYm9yZGVyJTNBMCUyMiUyMHNhbmRib3glM0QlMjJhbGxvdy1zY3JpcHRzJTIwYWxsb3ctc2FtZS1vcmlnaW4lMjBhbGxvdy1wb3B1cHMlMjBhbGxvdy1mb3JtcyUyMGFsbG93LXRvcC1uYXZpZ2F0aW9uJTIyJTNFJTNDJTJGaWZyYW1lJTNFJTBBJTBBJTNDcCUzRVNpbmQlMjBTaWUlMjBub2NoJTIwbmljaHQlMjByZWdpc3RyaWVydCUzRiUyMCUzQ2ElMjBjbGFzcyUzRCUyMmJ0bk9wZW5Ub2dnbGVSZWdpc3RyYXRpb24lMjByZWdpc3RlciUyMiUzRVJlZ2lzdHJpZXJlbiUyMFNpZSUyMHNpY2glMjElM0MlMkZhJTNF[\/vc_raw_html][\/vc_column][\/vc_row][\/vc_section][vc_section full_width=&#8221;stretch_row&#8221; css=&#8221;.vc_custom_1570713987574{background-color: #ffffff !important;}&#8221; el_class=&#8221;ecommercePage toggleRegistration&#8221;][vc_row][vc_column][vc_custom_heading text=&#8221;E-Commerce-Anfrage&#8221; font_container=&#8221;tag:h2|text_align:center&#8221; use_theme_fonts=&#8221;yes&#8221; el_class=&#8221;red&#8221;]\n<div class=\"wpcf7 no-js\" id=\"wpcf7-f1341-o1\" lang=\"it-IT\" dir=\"ltr\" data-wpcf7-id=\"1341\">\n<div class=\"screen-reader-response\"><p role=\"status\" aria-live=\"polite\" aria-atomic=\"true\"><\/p> <ul><\/ul><\/div>\n<form action=\"\/de\/wp-json\/wp\/v2\/pages\/1338#wpcf7-f1341-o1\" method=\"post\" class=\"wpcf7-form init\" aria-label=\"Contact form\" novalidate=\"novalidate\" data-status=\"init\">\n<fieldset class=\"hidden-fields-container\"><input type=\"hidden\" name=\"_wpcf7\" value=\"1341\" \/><input type=\"hidden\" name=\"_wpcf7_version\" value=\"6.1.4\" \/><input type=\"hidden\" name=\"_wpcf7_locale\" value=\"it_IT\" \/><input type=\"hidden\" name=\"_wpcf7_unit_tag\" value=\"wpcf7-f1341-o1\" \/><input type=\"hidden\" name=\"_wpcf7_container_post\" value=\"0\" \/><input type=\"hidden\" name=\"_wpcf7_posted_data_hash\" value=\"\" \/><input type=\"hidden\" name=\"_wpcf7_recaptcha_response\" value=\"\" \/>\n<\/fieldset>\n<div class=\"row\">\n\t<div class=\"column\">\n\t\t<p><span class=\"wpcf7-form-control-wrap\" data-name=\"nomeCognome\"><input size=\"40\" maxlength=\"400\" class=\"wpcf7-form-control wpcf7-text wpcf7-validates-as-required\" aria-required=\"true\" aria-invalid=\"false\" placeholder=\"Vor- und Nachname *\" value=\"\" type=\"text\" name=\"nomeCognome\" \/><\/span>\n\t\t<\/p>\n\t<\/div>\n\t<div class=\"column\">\n\t\t<p><span class=\"wpcf7-form-control-wrap\" data-name=\"ragioneSociale\"><input size=\"40\" maxlength=\"400\" class=\"wpcf7-form-control wpcf7-text wpcf7-validates-as-required\" aria-required=\"true\" aria-invalid=\"false\" placeholder=\"Firmenname *\" value=\"\" type=\"text\" name=\"ragioneSociale\" \/><\/span>\n\t\t<\/p>\n\t<\/div>\n\t<div class=\"column\">\n\t\t<p><span class=\"wpcf7-form-control-wrap\" data-name=\"email\"><input size=\"40\" maxlength=\"400\" class=\"wpcf7-form-control wpcf7-email wpcf7-validates-as-required wpcf7-text wpcf7-validates-as-email\" aria-required=\"true\" aria-invalid=\"false\" placeholder=\"E-mail *\" value=\"\" type=\"email\" name=\"email\" \/><\/span>\n\t\t<\/p>\n\t<\/div>\n\t<div class=\"column\">\n\t\t<p><span class=\"wpcf7-form-control-wrap\" data-name=\"telefono\"><input size=\"40\" maxlength=\"400\" class=\"wpcf7-form-control wpcf7-tel wpcf7-validates-as-required wpcf7-text wpcf7-validates-as-tel\" aria-required=\"true\" aria-invalid=\"false\" placeholder=\"Telefon *\" value=\"\" type=\"tel\" name=\"telefono\" \/><\/span>\n\t\t<\/p>\n\t<\/div>\n\t<div class=\"column\">\n\t\t<p><span class=\"wpcf7-form-control-wrap\" data-name=\"indirizzo\"><input size=\"40\" maxlength=\"400\" class=\"wpcf7-form-control wpcf7-text wpcf7-validates-as-required\" aria-required=\"true\" aria-invalid=\"false\" placeholder=\"Adresse *\" value=\"\" type=\"text\" name=\"indirizzo\" \/><\/span>\n\t\t<\/p>\n\t<\/div>\n\t<div class=\"column\">\n\t\t<p><span class=\"wpcf7-form-control-wrap\" data-name=\"localita\"><input size=\"40\" maxlength=\"400\" class=\"wpcf7-form-control wpcf7-text wpcf7-validates-as-required\" aria-required=\"true\" aria-invalid=\"false\" placeholder=\"Ort *\" value=\"\" type=\"text\" name=\"localita\" \/><\/span>\n\t\t<\/p>\n\t<\/div>\n\t<div class=\"column\">\n\t\t<p><span class=\"wpcf7-form-control-wrap\" data-name=\"cap\"><input size=\"40\" maxlength=\"400\" class=\"wpcf7-form-control wpcf7-text wpcf7-validates-as-required\" aria-required=\"true\" aria-invalid=\"false\" placeholder=\"PLZ *\" value=\"\" type=\"text\" name=\"cap\" \/><\/span>\n\t\t<\/p>\n\t<\/div>\n\t<div class=\"column\">\n\t\t<p><span class=\"wpcf7-form-control-wrap\" data-name=\"provincia\"><input size=\"40\" maxlength=\"400\" class=\"wpcf7-form-control wpcf7-text wpcf7-validates-as-required\" aria-required=\"true\" aria-invalid=\"false\" placeholder=\"Provinz *\" value=\"\" type=\"text\" name=\"provincia\" \/><\/span>\n\t\t<\/p>\n\t<\/div>\n\t<div class=\"column\">\n\t\t<p><span class=\"wpcf7-form-control-wrap\" data-name=\"nazione\"><input size=\"40\" maxlength=\"400\" class=\"wpcf7-form-control wpcf7-text wpcf7-validates-as-required\" aria-required=\"true\" aria-invalid=\"false\" placeholder=\"Land *\" value=\"\" type=\"text\" name=\"nazione\" \/><\/span>\n\t\t<\/p>\n\t<\/div>\n\t<div class=\"column\">\n\t\t<p><span class=\"wpcf7-form-control-wrap\" data-name=\"partitaIva\"><input size=\"40\" maxlength=\"400\" class=\"wpcf7-form-control wpcf7-text wpcf7-validates-as-required\" aria-required=\"true\" aria-invalid=\"false\" placeholder=\"USt.-IdNr. *\" value=\"\" type=\"text\" name=\"partitaIva\" \/><\/span>\n\t\t<\/p>\n\t<\/div>\n\t<div class=\"column\">\n\t\t<p><span class=\"wpcf7-form-control-wrap\" data-name=\"iban\"><input size=\"40\" maxlength=\"400\" class=\"wpcf7-form-control wpcf7-text wpcf7-validates-as-required\" aria-required=\"true\" aria-invalid=\"false\" placeholder=\"IBAN *\" value=\"\" type=\"text\" name=\"iban\" \/><\/span>\n\t\t<\/p>\n\t<\/div>\n<\/div>\n\n<!--<label style=\"cursor:pointer\">\n  <span style=\"margin-right: 5px\">Um fortzufahren, geben Sie die angezeigte Zeichenfolge * ein:<\/span>   <input type=\"hidden\" name=\"_wpcf7_captcha_challenge_captcha-778\" value=\"2763240521\" \/><img loading=\"lazy\" decoding=\"async\" class=\"wpcf7-form-control wpcf7-captchac wpcf7-captcha-captcha-778\" width=\"84\" height=\"28\" alt=\"captcha\" src=\"https:\/\/www.nipparts.com\/wp-content\/uploads\/wpcf7_captcha\/2763240521.png\" \/>\n  <span class=\"wpcf7-form-control-wrap\" data-name=\"captcha-778\"><input size=\"4\" maxlength=\"4\" class=\"wpcf7-form-control wpcf7-captchar\" autocomplete=\"off\" aria-invalid=\"false\" value=\"\" type=\"text\" name=\"captcha-778\" \/><\/span>\n<\/label>-->\n<p><span class=\"wpcf7-form-control-wrap\" data-name=\"checkbox-982\"><span class=\"wpcf7-form-control wpcf7-checkbox wpcf7-validates-as-required\"><span class=\"wpcf7-list-item first last\"><label><input type=\"checkbox\" name=\"checkbox-982[]\" value=\"Datenschutz-Grundverordnung: bitte ankreuzen, um zu best\u00e4tigen, dass Sie unsere Datenschutzrichtlinie gelesen haben und zustimmen\" \/><span class=\"wpcf7-list-item-label\">Datenschutz-Grundverordnung: bitte ankreuzen, um zu best\u00e4tigen, dass Sie unsere Datenschutzrichtlinie gelesen haben und zustimmen<\/span><\/label><\/span><\/span><\/span>\n<\/p>\n<p><input class=\"wpcf7-form-control wpcf7-submit has-spinner\" type=\"submit\" value=\"Anfragen\" \/>\n<\/p><div class=\"wpcf7-response-output\" aria-hidden=\"true\"><\/div>\n<\/form>\n<\/div>\n[\/vc_column][\/vc_row][\/vc_section]<\/p>\n<\/div>","protected":false},"excerpt":{"rendered":"<p>[vc_row][vc_column][vc_column_text] Alle Produkte Nipparts k\u00f6nnen direkt im E-Commerce erworben werden. \u00dcber dieses Tool haben Kunden die M\u00f6glichkeit, nach den Codes ihres Interesses zu suchen, Preise und Verf\u00fcgbarkeit zu \u00fcberpr\u00fcfen und Produkte direkt zu erwerben. Nipparts vertreibt seine Ersatzteile \u00fcber den E-Commerce von ERA, ein italienisches Unternehmen, das auf sich auf den Aftermarket der Automobilindustrie spezialisiert [&hellip;]<\/p>\n","protected":false},"author":2,"featured_media":1018,"parent":0,"menu_order":0,"comment_status":"closed","ping_status":"closed","template":"","meta":{"_acf_changed":false,"footnotes":""},"class_list":["post-1338","page","type-page","status-publish","has-post-thumbnail","hentry"],"acf":[],"_links":{"self":[{"href":"https:\/\/www.nipparts.com\/de\/wp-json\/wp\/v2\/pages\/1338","targetHints":{"allow":["GET"]}}],"collection":[{"href":"https:\/\/www.nipparts.com\/de\/wp-json\/wp\/v2\/pages"}],"about":[{"href":"https:\/\/www.nipparts.com\/de\/wp-json\/wp\/v2\/types\/page"}],"author":[{"embeddable":true,"href":"https:\/\/www.nipparts.com\/de\/wp-json\/wp\/v2\/users\/2"}],"replies":[{"embeddable":true,"href":"https:\/\/www.nipparts.com\/de\/wp-json\/wp\/v2\/comments?post=1338"}],"version-history":[{"count":6,"href":"https:\/\/www.nipparts.com\/de\/wp-json\/wp\/v2\/pages\/1338\/revisions"}],"predecessor-version":[{"id":1965,"href":"https:\/\/www.nipparts.com\/de\/wp-json\/wp\/v2\/pages\/1338\/revisions\/1965"}],"wp:featuredmedia":[{"embeddable":true,"href":"https:\/\/www.nipparts.com\/de\/wp-json\/wp\/v2\/media\/1018"}],"wp:attachment":[{"href":"https:\/\/www.nipparts.com\/de\/wp-json\/wp\/v2\/media?parent=1338"}],"curies":[{"name":"wp","href":"https:\/\/api.w.org\/{rel}","templated":true}]}}