{"id":1250,"date":"2019-08-30T09:18:59","date_gmt":"2019-08-30T07:18:59","guid":{"rendered":"https:\/\/www.nipparts.com\/prodotti\/"},"modified":"2020-07-29T15:01:53","modified_gmt":"2020-07-29T13:01:53","slug":"produkte","status":"publish","type":"page","link":"https:\/\/www.nipparts.com\/de\/produkte\/","title":{"rendered":"Produkte"},"content":{"rendered":"<h4>Sortiment<\/h4>\n<p>Nipparts vertreibt \u00fcber 13.000 Artikel in 73 Produktlinien, die wiederum in 11 Familien zusammengefasst sind, um ein vollst\u00e4ndiges und qualitativ hochwertiges Sortiment bereitzustellen, das die Anforderungen aller unserer Kunden erf\u00fcllt.<\/p>\n<p>Die Marke Nipparts hat sich auf Ersatzteile f\u00fcr asiatische Autos wie Toyota, Honda, Mazda, Hyundai, Kia, Nissan und viele andere spezialisiert.<\/p>\n<p>Ein Angebot von Produkten in st\u00e4ndiger Weiterentwicklung und Erweiterung.<\/p>\n","protected":false},"excerpt":{"rendered":"<p>Sortiment Nipparts vertreibt \u00fcber 13.000 Artikel in 73 Produktlinien, die wiederum in 11 Familien zusammengefasst sind, um ein vollst\u00e4ndiges und qualitativ hochwertiges Sortiment bereitzustellen, das die Anforderungen aller unserer Kunden erf\u00fcllt. Die Marke Nipparts hat sich auf Ersatzteile f\u00fcr asiatische Autos wie Toyota, Honda, Mazda, Hyundai, Kia, Nissan und viele andere spezialisiert. Ein Angebot von [&hellip;]<\/p>\n","protected":false},"author":2,"featured_media":1042,"parent":0,"menu_order":0,"comment_status":"closed","ping_status":"closed","template":"templates\/products.php","meta":{"_acf_changed":false,"footnotes":""},"class_list":["post-1250","page","type-page","status-publish","has-post-thumbnail","hentry"],"acf":[],"_links":{"self":[{"href":"https:\/\/www.nipparts.com\/de\/wp-json\/wp\/v2\/pages\/1250","targetHints":{"allow":["GET"]}}],"collection":[{"href":"https:\/\/www.nipparts.com\/de\/wp-json\/wp\/v2\/pages"}],"about":[{"href":"https:\/\/www.nipparts.com\/de\/wp-json\/wp\/v2\/types\/page"}],"author":[{"embeddable":true,"href":"https:\/\/www.nipparts.com\/de\/wp-json\/wp\/v2\/users\/2"}],"replies":[{"embeddable":true,"href":"https:\/\/www.nipparts.com\/de\/wp-json\/wp\/v2\/comments?post=1250"}],"version-history":[{"count":1,"href":"https:\/\/www.nipparts.com\/de\/wp-json\/wp\/v2\/pages\/1250\/revisions"}],"predecessor-version":[{"id":1251,"href":"https:\/\/www.nipparts.com\/de\/wp-json\/wp\/v2\/pages\/1250\/revisions\/1251"}],"wp:featuredmedia":[{"embeddable":true,"href":"https:\/\/www.nipparts.com\/de\/wp-json\/wp\/v2\/media\/1042"}],"wp:attachment":[{"href":"https:\/\/www.nipparts.com\/de\/wp-json\/wp\/v2\/media?parent=1250"}],"curies":[{"name":"wp","href":"https:\/\/api.w.org\/{rel}","templated":true}]}}