{"id":1246,"date":"2019-10-10T16:18:08","date_gmt":"2019-10-10T14:18:08","guid":{"rendered":"https:\/\/www.nipparts.com\/azienda\/"},"modified":"2020-10-29T09:54:05","modified_gmt":"2020-10-29T08:54:05","slug":"das-unternehmen","status":"publish","type":"page","link":"https:\/\/www.nipparts.com\/de\/das-unternehmen\/","title":{"rendered":"Das Unternehmen"},"content":{"rendered":"<div class=\"wpb-content-wrapper\"><p>[vc_row][vc_column width=&#8221;2\/3&#8243;][vc_column_text]Die Firma Nipparts wurde im Jahre 1981 in Amsterdam gegr\u00fcndet.<br \/>\nDas Ziel war sofort klar: mechanische Ersatzteile f\u00fcr asiatische Fahrzeuge im Aftermarket bereitzustellen. Filter, Sto\u00dfd\u00e4mpfer, Bremsscheiben und Bremsbel\u00e4ge, Kupplungen und viele andere Komponenten werden seit Beginn von fachkundigem und qualifiziertem Personal entwickelt.<\/p>\n<p>Dank der Geschwindigkeit, mit der auf Kundenanfragen reagiert werden kann, und der verk\u00fcrzten Lieferzeiten wurde das Unternehmen bald zu einem Branchenf\u00fchrer.<\/p>\n<p>Im Laufe der Jahre erweitert Nipparts auf Grund der weitreichenden Erfahrung und Spezialisierung der Mitarbeiter sein Sortiment st\u00e4ndig, sowohl hinsichtlich der Anzahl der Produkt-Codes als auch der Art der verwalteten Ersatzteile.<br \/>\nHeute werden die Nipparts-Produkte weltweit von ERA S.r.l. vertrieben.[\/vc_column_text][\/vc_column][vc_column width=&#8221;1\/3&#8243;][vc_single_image image=&#8221;927&#8243; img_size=&#8221;large&#8221;][\/vc_column][\/vc_row]<\/p>\n<\/div>","protected":false},"excerpt":{"rendered":"<p>[vc_row][vc_column width=&#8221;2\/3&#8243;][vc_column_text]Die Firma Nipparts wurde im Jahre 1981 in Amsterdam gegr\u00fcndet. Das Ziel war sofort klar: mechanische Ersatzteile f\u00fcr asiatische Fahrzeuge im Aftermarket bereitzustellen. Filter, Sto\u00dfd\u00e4mpfer, Bremsscheiben und Bremsbel\u00e4ge, Kupplungen und viele andere Komponenten werden seit Beginn von fachkundigem und qualifiziertem Personal entwickelt. Dank der Geschwindigkeit, mit der auf Kundenanfragen reagiert werden kann, und der [&hellip;]<\/p>\n","protected":false},"author":2,"featured_media":1015,"parent":0,"menu_order":0,"comment_status":"closed","ping_status":"closed","template":"","meta":{"_acf_changed":false,"footnotes":""},"class_list":["post-1246","page","type-page","status-publish","has-post-thumbnail","hentry"],"acf":[],"_links":{"self":[{"href":"https:\/\/www.nipparts.com\/de\/wp-json\/wp\/v2\/pages\/1246","targetHints":{"allow":["GET"]}}],"collection":[{"href":"https:\/\/www.nipparts.com\/de\/wp-json\/wp\/v2\/pages"}],"about":[{"href":"https:\/\/www.nipparts.com\/de\/wp-json\/wp\/v2\/types\/page"}],"author":[{"embeddable":true,"href":"https:\/\/www.nipparts.com\/de\/wp-json\/wp\/v2\/users\/2"}],"replies":[{"embeddable":true,"href":"https:\/\/www.nipparts.com\/de\/wp-json\/wp\/v2\/comments?post=1246"}],"version-history":[{"count":3,"href":"https:\/\/www.nipparts.com\/de\/wp-json\/wp\/v2\/pages\/1246\/revisions"}],"predecessor-version":[{"id":1871,"href":"https:\/\/www.nipparts.com\/de\/wp-json\/wp\/v2\/pages\/1246\/revisions\/1871"}],"wp:featuredmedia":[{"embeddable":true,"href":"https:\/\/www.nipparts.com\/de\/wp-json\/wp\/v2\/media\/1015"}],"wp:attachment":[{"href":"https:\/\/www.nipparts.com\/de\/wp-json\/wp\/v2\/media?parent=1246"}],"curies":[{"name":"wp","href":"https:\/\/api.w.org\/{rel}","templated":true}]}}