{"id":1238,"date":"2019-08-27T10:09:08","date_gmt":"2019-08-27T08:09:08","guid":{"rendered":"https:\/\/www.nipparts.com\/pagina-di-esempio\/"},"modified":"2021-02-12T10:21:58","modified_gmt":"2021-02-12T09:21:58","slug":"pagina-di-esempio","status":"publish","type":"page","link":"https:\/\/www.nipparts.com\/de\/","title":{"rendered":"HomePage"},"content":{"rendered":"<div class=\"wpb-content-wrapper\"><p>[vc_section el_class=&#8221;intro&#8221;][vc_row el_class=&#8221;content&#8221;][vc_column][vc_row_inner el_class=&#8221;left&#8221;][vc_column_inner][vc_column_text]<\/p>\n<h1>Nipparts<\/h1>\n<p>Nipparts bietet eine breite Palette von Ersatzteilen in gleichwertiger Qualit\u00e4t wie Originalersatzteile zur spezifischen Anwendung f\u00fcr asiatische Fahrzeuge; Komponenten, die von den besten Herstellern geliefert werden.[\/vc_column_text][vc_btn title=&#8221;Mehr erfahren&#8221; link=&#8221;url:https%3A%2F%2Fwww.nipparts.com%2Fde%2Fdas-unternehmen%2F|title:Azienda||&#8221;][\/vc_column_inner][\/vc_row_inner][\/vc_column][\/vc_row][vc_row full_width=&#8221;stretch_row_content&#8221;][vc_column][vc_single_image image=&#8221;1894&#8243; img_size=&#8221;full&#8221; el_class=&#8221;bg&#8221;][\/vc_column][\/vc_row][\/vc_section][vc_section full_width=&#8221;stretch_row&#8221; el_class=&#8221;products&#8221;][vc_row][vc_column][vc_custom_heading text=&#8221;Produkte&#8221; use_theme_fonts=&#8221;yes&#8221; el_class=&#8221;globalTitle&#8221;][vc_row_inner][vc_column_inner][vc_single_image image=&#8221;28&#8243; img_size=&#8221;full&#8221; alignment=&#8221;center&#8221; onclick=&#8221;custom_link&#8221; link=&#8221;https:\/\/www.nipparts.com\/de\/products_category\/antriebssystem\/&#8221;][vc_custom_heading text=&#8221;Antriebssystem&#8221; font_container=&#8221;tag:h3|text_align:center&#8221; use_theme_fonts=&#8221;yes&#8221; link=&#8221;url:https%3A%2F%2Fwww.nipparts.com%2Fde%2Fproducts_category%2Fantriebssystem%2F|||&#8221;][\/vc_column_inner][\/vc_row_inner][vc_row_inner][vc_column_inner][vc_single_image image=&#8221;36&#8243; img_size=&#8221;full&#8221; alignment=&#8221;center&#8221; onclick=&#8221;custom_link&#8221; link=&#8221;https:\/\/www.nipparts.com\/de\/products_category\/filter\/&#8221;][vc_custom_heading text=&#8221;Filter&#8221; font_container=&#8221;tag:h3|text_align:center&#8221; use_theme_fonts=&#8221;yes&#8221; link=&#8221;url:https%3A%2F%2Fwww.nipparts.com%2Fde%2Fproducts_category%2Ffilter%2F|||&#8221;][\/vc_column_inner][\/vc_row_inner][vc_row_inner][vc_column_inner][vc_single_image image=&#8221;41&#8243; img_size=&#8221;full&#8221; alignment=&#8221;center&#8221; onclick=&#8221;custom_link&#8221; link=&#8221;https:\/\/www.nipparts.com\/de\/products_category\/motordichtungen\/&#8221;][vc_custom_heading text=&#8221;Motordichtungen&#8221; font_container=&#8221;tag:h3|text_align:center&#8221; use_theme_fonts=&#8221;yes&#8221; link=&#8221;url:https%3A%2F%2Fwww.nipparts.com%2Fde%2Fproducts_category%2Fmotordichtungen%2F|||&#8221;][\/vc_column_inner][\/vc_row_inner][vc_row_inner][vc_column_inner][vc_single_image image=&#8221;46&#8243; img_size=&#8221;full&#8221; alignment=&#8221;center&#8221; onclick=&#8221;custom_link&#8221; link=&#8221;https:\/\/www.nipparts.com\/de\/products_category\/zuendanlage\/&#8221;][vc_custom_heading text=&#8221;Z\u00fcndanlage&#8221; font_container=&#8221;tag:h3|text_align:center&#8221; use_theme_fonts=&#8221;yes&#8221; link=&#8221;url:https%3A%2F%2Fwww.nipparts.com%2Fde%2Fproducts_category%2Fzuendanlage%2F|||&#8221;][\/vc_column_inner][\/vc_row_inner][vc_row_inner][vc_column_inner][vc_single_image image=&#8221;51&#8243; img_size=&#8221;full&#8221; alignment=&#8221;center&#8221; onclick=&#8221;custom_link&#8221; link=&#8221;https:\/\/www.nipparts.com\/de\/products_category\/kuehlung\/&#8221;][vc_custom_heading text=&#8221;K\u00fchlung&#8221; font_container=&#8221;tag:h3|text_align:center&#8221; use_theme_fonts=&#8221;yes&#8221; link=&#8221;url:https%3A%2F%2Fwww.nipparts.com%2Fde%2Fproducts_category%2Fkuehlung%2F|||&#8221;][\/vc_column_inner][\/vc_row_inner][vc_row_inner][vc_column_inner][vc_single_image image=&#8221;56&#8243; img_size=&#8221;full&#8221; alignment=&#8221;center&#8221; onclick=&#8221;custom_link&#8221; link=&#8221;https:\/\/www.nipparts.com\/de\/products_category\/rotierende-maschinen\/&#8221;][vc_custom_heading text=&#8221;Rotierende Maschinen&#8221; font_container=&#8221;tag:h3|text_align:center&#8221; use_theme_fonts=&#8221;yes&#8221; link=&#8221;url:https%3A%2F%2Fwww.nipparts.com%2Fde%2Fproducts_category%2Frotierende-maschinen%2F|||&#8221;][\/vc_column_inner][\/vc_row_inner][vc_row_inner][vc_column_inner][vc_single_image image=&#8221;61&#8243; img_size=&#8221;full&#8221; alignment=&#8221;center&#8221; onclick=&#8221;custom_link&#8221; link=&#8221;https:\/\/www.nipparts.com\/de\/products_category\/luftmassensensoren\/&#8221;][vc_custom_heading text=&#8221;Luftmassensensoren&#8221; font_container=&#8221;tag:h3|text_align:center&#8221; use_theme_fonts=&#8221;yes&#8221; link=&#8221;url:https%3A%2F%2Fwww.nipparts.com%2Fde%2Fproducts_category%2Fluftmassensensoren%2F|||&#8221;][\/vc_column_inner][\/vc_row_inner][vc_row_inner][vc_column_inner][vc_single_image image=&#8221;66&#8243; img_size=&#8221;full&#8221; alignment=&#8221;center&#8221; onclick=&#8221;custom_link&#8221; link=&#8221;https:\/\/www.nipparts.com\/de\/products_category\/bremssystem\/&#8221;][vc_custom_heading text=&#8221;Bremssystem&#8221; font_container=&#8221;tag:h3|text_align:center&#8221; use_theme_fonts=&#8221;yes&#8221; link=&#8221;url:https%3A%2F%2Fwww.nipparts.com%2Fde%2Fproducts_category%2Fbremssystem%2F|||&#8221;][\/vc_column_inner][\/vc_row_inner][vc_row_inner][vc_column_inner][vc_single_image image=&#8221;71&#8243; img_size=&#8221;full&#8221; alignment=&#8221;center&#8221; onclick=&#8221;custom_link&#8221; link=&#8221;https:\/\/www.nipparts.com\/de\/products_category\/aufhaengungen\/&#8221;][vc_custom_heading text=&#8221;Aufh\u00e4ngungen&#8221; font_container=&#8221;tag:h3|text_align:center&#8221; use_theme_fonts=&#8221;yes&#8221; link=&#8221;url:https%3A%2F%2Fwww.nipparts.com%2Fde%2Fproducts_category%2Faufhaengungen%2F|||&#8221;][\/vc_column_inner][\/vc_row_inner][vc_row_inner][vc_column_inner][vc_single_image image=&#8221;76&#8243; img_size=&#8221;full&#8221; alignment=&#8221;center&#8221; onclick=&#8221;custom_link&#8221; link=&#8221;https:\/\/www.nipparts.com\/de\/products_category\/lenkung\/&#8221;][vc_custom_heading text=&#8221;Lenkung&#8221; font_container=&#8221;tag:h3|text_align:center&#8221; use_theme_fonts=&#8221;yes&#8221; link=&#8221;url:https%3A%2F%2Fwww.nipparts.com%2Fde%2Fproducts_category%2Flenkung%2F|||&#8221;][\/vc_column_inner][\/vc_row_inner][vc_row_inner][vc_column_inner][vc_single_image image=&#8221;81&#8243; img_size=&#8221;full&#8221; alignment=&#8221;center&#8221; onclick=&#8221;custom_link&#8221; link=&#8221;https:\/\/www.nipparts.com\/de\/products_category\/getriebe\/&#8221;][vc_custom_heading text=&#8221;Getriebe&#8221; font_container=&#8221;tag:h3|text_align:center&#8221; use_theme_fonts=&#8221;yes&#8221; link=&#8221;url:https%3A%2F%2Fwww.nipparts.com%2Fde%2Fproducts_category%2Fgetriebe%2F|||&#8221;][\/vc_column_inner][\/vc_row_inner][\/vc_column][\/vc_row][vc_row][vc_column][vc_btn title=&#8221;Mehr erfahren&#8221; color=&#8221;white&#8221; link=&#8221;url:https%3A%2F%2Fwww.nipparts.com%2Fde%2Fprodukte%2F|||&#8221;][\/vc_column][\/vc_row][\/vc_section][vc_section el_class=&#8221;downloadCatalogue&#8221;][vc_row][vc_column width=&#8221;1\/2&#8243;][vc_row_inner][vc_column_inner][vc_custom_heading text=&#8221;Kataloge&#8221; font_container=&#8221;tag:h3|text_align:left&#8221; use_theme_fonts=&#8221;yes&#8221;][vc_icon icon_fontawesome=&#8221;fa fa-chevron-right&#8221;][vc_single_image image=&#8221;93&#8243; img_size=&#8221;full&#8221; onclick=&#8221;custom_link&#8221; link=&#8221;https:\/\/www.nipparts.com\/de\/download\/&#8221;][\/vc_column_inner][\/vc_row_inner][vc_column_text]In diesem Bereich k\u00f6nnen Sie alle Kataloge und technische Informationen zu NIPPARTS-Produkten im PDF-Format ansehen und herunterladen.[\/vc_column_text][\/vc_column][vc_column width=&#8221;1\/2&#8243;][vc_row_inner][vc_column_inner][vc_custom_heading text=&#8221;Online-Katalog&#8221; font_container=&#8221;tag:h3|text_align:left&#8221; use_theme_fonts=&#8221;yes&#8221;][vc_icon icon_fontawesome=&#8221;fa fa-chevron-right&#8221;][vc_single_image image=&#8221;957&#8243; img_size=&#8221;full&#8221; onclick=&#8221;custom_link&#8221; img_link_target=&#8221;_blank&#8221; link=&#8221;https:\/\/ecom.eraspares.de\/ec\/Tabellone.asp?SeCook=True&amp;login=1&#8243;][\/vc_column_inner][\/vc_row_inner][vc_column_text]In diesem Bereich finden Sie den Online-Katalog aller Produkte der Marke Nipparts! Dieser E-Katalog ist immer auf dem neuesten Stand und bietet Ihnen einen vollst\u00e4ndigen \u00dcberblick \u00fcber die derzeit verf\u00fcgbaren Ersatzteile.[\/vc_column_text][\/vc_column][\/vc_row][\/vc_section][vc_row][vc_column width=&#8221;1\/4&#8243; offset=&#8221;vc_hidden-sm vc_hidden-xs&#8221;][\/vc_column][vc_column width=&#8221;1\/2&#8243;][vc_custom_heading text=&#8221;NEWSLETTER&#8221; font_container=&#8221;tag:h2|text_align:center|color:%23e30613&#8243; use_theme_fonts=&#8221;yes&#8221; el_class=&#8221;globalTitle&#8221; css=&#8221;.vc_custom_1612340107981{padding-top: 14px !important;}&#8221;][vc_column_text]<\/p>\n<p style=\"text-align: center;\">Melden Sie sich f\u00fcr unseren Newsletter an und bleiben Sie so immer auf dem neuesten Stand!<\/p>\n<p>[\/vc_column_text]\n<div class=\"wpcf7 no-js\" id=\"wpcf7-f1941-o1\" lang=\"en-US\" dir=\"ltr\" data-wpcf7-id=\"1941\">\n<div class=\"screen-reader-response\"><p role=\"status\" aria-live=\"polite\" aria-atomic=\"true\"><\/p> <ul><\/ul><\/div>\n<form action=\"\/de\/wp-json\/wp\/v2\/pages\/1238#wpcf7-f1941-o1\" method=\"post\" class=\"wpcf7-form init\" aria-label=\"Contact form\" novalidate=\"novalidate\" data-status=\"init\">\n<fieldset class=\"hidden-fields-container\"><input type=\"hidden\" name=\"_wpcf7\" value=\"1941\" \/><input type=\"hidden\" name=\"_wpcf7_version\" value=\"6.1.4\" \/><input type=\"hidden\" name=\"_wpcf7_locale\" value=\"en_US\" \/><input type=\"hidden\" name=\"_wpcf7_unit_tag\" value=\"wpcf7-f1941-o1\" \/><input type=\"hidden\" name=\"_wpcf7_container_post\" value=\"0\" \/><input type=\"hidden\" name=\"_wpcf7_posted_data_hash\" value=\"\" \/><input type=\"hidden\" name=\"_wpcf7_recaptcha_response\" value=\"\" \/>\n<\/fieldset>\n<p><label for=\"rag-soc\">Firmennamen<\/label><br \/>\n<span class=\"wpcf7-form-control-wrap\" data-name=\"rag-soc\"><input size=\"40\" maxlength=\"400\" class=\"wpcf7-form-control wpcf7-text wpcf7-validates-as-required\" aria-required=\"true\" aria-invalid=\"false\" value=\"\" type=\"text\" name=\"rag-soc\" \/><\/span>\n<\/p>\n<p><label for=\"user-email\">E-mail<\/label><br \/>\n<span class=\"wpcf7-form-control-wrap\" data-name=\"user-email\"><input size=\"40\" maxlength=\"400\" class=\"wpcf7-form-control wpcf7-email wpcf7-validates-as-required wpcf7-text wpcf7-validates-as-email\" id=\"newsletter-subscriber-input\" aria-required=\"true\" aria-invalid=\"false\" value=\"\" type=\"email\" name=\"user-email\" \/><\/span>\n<\/p>\n<p><span class=\"wpcf7-form-control-wrap\" data-name=\"privacy\"><span class=\"wpcf7-form-control wpcf7-acceptance\"><span class=\"wpcf7-list-item\"><label><input type=\"checkbox\" name=\"privacy\" value=\"1\" aria-invalid=\"false\" \/><span class=\"wpcf7-list-item-label\">Durch Aktivieren des Kontrollk\u00e4stchens erkl\u00e4re ich, dass ich die <a href=\"https:\/\/www.nipparts.com\/wp-content\/uploads\/2020\/08\/Informativa-privacy-policy_20190205_EN.pdf\" target=\"_blank\">Datenschutzrichtlinie<\/a> erhalten und gelesen habe<\/span><\/label><\/span><\/span><\/span>\n<\/p>\n<p><input class=\"wpcf7-form-control wpcf7-submit has-spinner\" type=\"submit\" value=\"ANMELDEN\" \/>\n<\/p><div class=\"wpcf7-response-output\" aria-hidden=\"true\"><\/div>\n<\/form>\n<\/div>\n[\/vc_column][vc_column width=&#8221;1\/4&#8243; offset=&#8221;vc_hidden-sm vc_hidden-xs&#8221;][\/vc_column][\/vc_row][vc_row][vc_column][vc_column_text]<br \/>\n[\/vc_column_text][\/vc_column][\/vc_row][vc_row][vc_column][vc_column_text]<br \/>\n[\/vc_column_text][\/vc_column][\/vc_row][vc_section full_width=&#8221;stretch_row&#8221; disable_element=&#8221;yes&#8221; el_class=&#8221;newsHome&#8221;][vc_row][vc_column][vc_custom_heading text=&#8221;News&#8221; use_theme_fonts=&#8221;yes&#8221; el_class=&#8221;globalTitle red&#8221;][vc_basic_grid post_type=&#8221;post&#8221; max_items=&#8221;4&#8243; element_width=&#8221;3&#8243; item=&#8221;103&#8243; grid_id=&#8221;vc_gid:1613121694881-dc87d3ee-c72c-7&#8243;][vc_btn title=&#8221;Scopri di pi\u00f9&#8221; color=&#8221;default&#8221; link=&#8221;url:https%3A%2F%2Fwww.nipparts.com%2Fnews%2F|||&#8221;][\/vc_column][\/vc_row][\/vc_section]<\/p>\n<\/div>","protected":false},"excerpt":{"rendered":"<p>[vc_section el_class=&#8221;intro&#8221;][vc_row el_class=&#8221;content&#8221;][vc_column][vc_row_inner el_class=&#8221;left&#8221;][vc_column_inner][vc_column_text] Nipparts Nipparts bietet eine breite Palette von Ersatzteilen in gleichwertiger Qualit\u00e4t wie Originalersatzteile zur spezifischen Anwendung f\u00fcr asiatische Fahrzeuge; Komponenten, die von den besten Herstellern geliefert werden.[\/vc_column_text][vc_btn title=&#8221;Mehr erfahren&#8221; link=&#8221;url:https%3A%2F%2Fwww.nipparts.com%2Fde%2Fdas-unternehmen%2F|title:Azienda||&#8221;][\/vc_column_inner][\/vc_row_inner][\/vc_column][\/vc_row][vc_row full_width=&#8221;stretch_row_content&#8221;][vc_column][vc_single_image image=&#8221;1894&#8243; img_size=&#8221;full&#8221; el_class=&#8221;bg&#8221;][\/vc_column][\/vc_row][\/vc_section][vc_section full_width=&#8221;stretch_row&#8221; el_class=&#8221;products&#8221;][vc_row][vc_column][vc_custom_heading text=&#8221;Produkte&#8221; use_theme_fonts=&#8221;yes&#8221; el_class=&#8221;globalTitle&#8221;][vc_row_inner][vc_column_inner][vc_single_image image=&#8221;28&#8243; img_size=&#8221;full&#8221; alignment=&#8221;center&#8221; onclick=&#8221;custom_link&#8221; link=&#8221;https:\/\/www.nipparts.com\/de\/products_category\/antriebssystem\/&#8221;][vc_custom_heading text=&#8221;Antriebssystem&#8221; font_container=&#8221;tag:h3|text_align:center&#8221; use_theme_fonts=&#8221;yes&#8221; link=&#8221;url:https%3A%2F%2Fwww.nipparts.com%2Fde%2Fproducts_category%2Fantriebssystem%2F|||&#8221;][\/vc_column_inner][\/vc_row_inner][vc_row_inner][vc_column_inner][vc_single_image image=&#8221;36&#8243; img_size=&#8221;full&#8221; alignment=&#8221;center&#8221; [&hellip;]<\/p>\n","protected":false},"author":2,"featured_media":0,"parent":0,"menu_order":0,"comment_status":"closed","ping_status":"open","template":"templates\/home.php","meta":{"_acf_changed":false,"footnotes":""},"class_list":["post-1238","page","type-page","status-publish","hentry"],"acf":[],"_links":{"self":[{"href":"https:\/\/www.nipparts.com\/de\/wp-json\/wp\/v2\/pages\/1238","targetHints":{"allow":["GET"]}}],"collection":[{"href":"https:\/\/www.nipparts.com\/de\/wp-json\/wp\/v2\/pages"}],"about":[{"href":"https:\/\/www.nipparts.com\/de\/wp-json\/wp\/v2\/types\/page"}],"author":[{"embeddable":true,"href":"https:\/\/www.nipparts.com\/de\/wp-json\/wp\/v2\/users\/2"}],"replies":[{"embeddable":true,"href":"https:\/\/www.nipparts.com\/de\/wp-json\/wp\/v2\/comments?post=1238"}],"version-history":[{"count":5,"href":"https:\/\/www.nipparts.com\/de\/wp-json\/wp\/v2\/pages\/1238\/revisions"}],"predecessor-version":[{"id":1947,"href":"https:\/\/www.nipparts.com\/de\/wp-json\/wp\/v2\/pages\/1238\/revisions\/1947"}],"wp:attachment":[{"href":"https:\/\/www.nipparts.com\/de\/wp-json\/wp\/v2\/media?parent=1238"}],"curies":[{"name":"wp","href":"https:\/\/api.w.org\/{rel}","templated":true}]}}